{"id":32,"date":"2021-03-18T16:08:45","date_gmt":"2021-03-18T15:08:45","guid":{"rendered":"https:\/\/asscoupdepouce.com\/?page_id=32"},"modified":"2023-11-28T16:40:53","modified_gmt":"2023-11-28T15:40:53","slug":"colonies-apprenantes","status":"publish","type":"page","link":"https:\/\/asscoupdepouce.com\/index.php\/nos-actions\/soutien-scolaire\/colonies-apprenantes\/","title":{"rendered":"Colonies apprenantes"},"content":{"rendered":"<section class=\"l-section wpb_row height_medium width_full with_img\"><div class=\"l-section-img\" role=\"img\" aria-label=\"Image\" data-img-width=\"1920\" data-img-height=\"1943\" style=\"background-image: url(https:\/\/asscoupdepouce.com\/wp-content\/uploads\/2021\/03\/Fond-4.png);\"><\/div><div class=\"l-section-h i-cf\"><div class=\"g-cols vc_row via_flex valign_top type_default stacking_default\"><div class=\"vc_col-sm-12 wpb_column vc_column_container\"><div class=\"vc_column-inner\"><div class=\"wpb_wrapper\"><h1 class=\"w-post-elm post_title align_center entry-title color_link_inherit\">Colonies apprenantes<\/h1><div class=\"wpb_text_column us_custom_586259de has_text_color\"><div class=\"wpb_wrapper\"><h6 style=\"text-align: center;\">Un projet initi\u00e9 et labellis\u00e9 par l\u2019\u00c9tat suite au confinement des \u00e9coliers.<\/h6>\n<\/div><\/div><div class=\"g-cols wpb_row us_custom_890468e4 via_flex valign_top type_boxes stacking_default\"><div class=\"vc_col-sm-12 wpb_column vc_column_container\"><div class=\"vc_column-inner\"><div class=\"wpb_wrapper\"><div class=\"w-separator size_medium\"><\/div><div class=\"wpb_text_column\"><div class=\"wpb_wrapper\"><h5 style=\"text-align: left;\">Un s\u00e9jour de rupture qui repose sur la d\u00e9couverte d\u2019un nouvel environnement.<\/h5>\n<\/div><\/div><div class=\"wpb_text_column us_custom_432d3f53\"><div class=\"wpb_wrapper\"><h5>Une colonie organis\u00e9e dans le respect des consignes sanitaires autour de grandes th\u00e9matiques que sont : le <strong>renforcement des apprentissages<\/strong>, la <strong>culture<\/strong>, le <strong>sport<\/strong> et le <strong>d\u00e9veloppement durable<\/strong>.<\/h5>\n<\/div><\/div><\/div><\/div><\/div><\/div><div class=\"w-separator size_medium\"><\/div><div class=\"g-cols wpb_row via_flex valign_top type_default stacking_default\" style=\"--additional-gap:4px;\"><div class=\"vc_col-sm-12 wpb_column vc_column_container\"><div class=\"vc_column-inner\"><div class=\"wpb_wrapper\"><div class=\"w-image align_none\"><div class=\"w-image-h\"><img decoding=\"async\" width=\"2616\" height=\"432\" src=\"https:\/\/asscoupdepouce.com\/wp-content\/uploads\/2021\/08\/Colo.png\" class=\"attachment-full size-full\" alt=\"\" loading=\"lazy\" srcset=\"https:\/\/asscoupdepouce.com\/wp-content\/uploads\/2021\/08\/Colo.png 2616w, https:\/\/asscoupdepouce.com\/wp-content\/uploads\/2021\/08\/Colo-300x50.png 300w, https:\/\/asscoupdepouce.com\/wp-content\/uploads\/2021\/08\/Colo-1024x169.png 1024w, https:\/\/asscoupdepouce.com\/wp-content\/uploads\/2021\/08\/Colo-600x99.png 600w, https:\/\/asscoupdepouce.com\/wp-content\/uploads\/2021\/08\/Colo-500x83.png 500w, https:\/\/asscoupdepouce.com\/wp-content\/uploads\/2021\/08\/Colo-400x66.png 400w\" sizes=\"auto, (max-width: 2616px) 100vw, 2616px\" \/><\/div><\/div><\/div><\/div><\/div><\/div><div class=\"w-separator size_large\"><\/div><div class=\"g-cols wpb_row us_custom_7f4cad74 via_flex valign_middle type_default stacking_default\"><div class=\"vc_col-sm-6 wpb_column vc_column_container\"><div class=\"vc_column-inner\"><div class=\"wpb_wrapper\"><div class=\"wpb_text_column us_custom_432d3f53\"><div class=\"wpb_wrapper\"><h2 style=\"text-align: left;\">Des vacances ludiques, d\u00e9paysantes, reposantes et apprenantes.<\/h2>\n<p>Il n&rsquo;est pas question de faire cours, mais de <strong>travailler sur la m\u00e9moire, l&rsquo;observation, la prise de parole<\/strong> pour remettre la pompe \u00e0 apprendre en route. L&rsquo;activit\u00e9 n&rsquo;est pas un pr\u00e9texte, c&rsquo;est un support et un vecteur d&rsquo;\u00e9ducation.<\/p>\n<ol>\n<li><strong>S\u2019amuser<\/strong> tout en rattrapant une partie de ce qui n\u2019a pu \u00eatre fait pendant l\u2019ann\u00e9e scolaire.<\/li>\n<li><strong>Lutter contre les retards<\/strong> et les risques de d\u00e9crochage scolaire mais aussi venir en appui aux familles.<\/li>\n<\/ol>\n<\/div><\/div><div class=\"w-separator size_custom\" style=\"height:2rem\"><\/div><\/div><\/div><\/div><div class=\"vc_col-sm-6 wpb_column vc_column_container\"><div class=\"vc_column-inner\"><div class=\"wpb_wrapper\"><div class=\"w-image align_center\"><div class=\"w-image-h\"><img decoding=\"async\" width=\"2407\" height=\"2379\" src=\"https:\/\/asscoupdepouce.com\/wp-content\/uploads\/2021\/03\/Colonie-apprenante-2.png\" class=\"attachment-full size-full\" alt=\"Enfants en colonie apprenantes, soutien scolaire et activit\u00e9s ludiques\" loading=\"lazy\" srcset=\"https:\/\/asscoupdepouce.com\/wp-content\/uploads\/2021\/03\/Colonie-apprenante-2.png 2407w, https:\/\/asscoupdepouce.com\/wp-content\/uploads\/2021\/03\/Colonie-apprenante-2-300x297.png 300w, https:\/\/asscoupdepouce.com\/wp-content\/uploads\/2021\/03\/Colonie-apprenante-2-1024x1012.png 1024w, https:\/\/asscoupdepouce.com\/wp-content\/uploads\/2021\/03\/Colonie-apprenante-2-405x400.png 405w, https:\/\/asscoupdepouce.com\/wp-content\/uploads\/2021\/03\/Colonie-apprenante-2-500x494.png 500w, https:\/\/asscoupdepouce.com\/wp-content\/uploads\/2021\/03\/Colonie-apprenante-2-400x395.png 400w\" sizes=\"auto, (max-width: 2407px) 100vw, 2407px\" \/><\/div><\/div><\/div><\/div><\/div><\/div><div class=\"g-cols wpb_row us_custom_7f4cad74 via_flex valign_top type_default stacking_default\"><div class=\"vc_col-sm-12 wpb_column vc_column_container\"><div class=\"vc_column-inner\"><div class=\"wpb_wrapper\"><div class=\"w-separator size_huge\"><\/div><div class=\"wpb_text_column us_custom_432d3f53\"><div class=\"wpb_wrapper\"><h5>Les enfants ont retrouv\u00e9 lors de cette colonie des ateliers de renforcement scolaire s\u2019inspirant du cycle commun de connaissances, de comp\u00e9tences et de culture. Ils ont \u00e9galement particip\u00e9, chaque jour, \u00e0 des ateliers et des animations visant \u00e0 renforcer leurs acquis dans la <strong>lecture<\/strong>, l\u2019<strong>\u00e9criture<\/strong>, le <strong>calcul<\/strong> et l\u2019<strong>expression orale<\/strong>.<\/h5>\n<\/div><\/div><div class=\"w-separator size_large\"><\/div><div class=\"w-actionbox us_custom_6cd262a3 color_primary controls_bottom\"><div class=\"w-actionbox-text\"><h2 class=\"w-actionbox-title\">Colonie 2021<\/h2><\/div><div class=\"w-actionbox-controls\"><a class=\"w-btn us-btn-style_6\" target=\"_blank\" rel=\"nofollow\" href=\"https:\/\/asscoupdepouce.com\/index.php\/2021\/08\/16\/colonie-apprenante-2021\/\"><span class=\"w-btn-label\">En savoir plus<\/span><\/a><\/div><\/div><\/div><\/div><\/div><\/div><\/div><\/div><\/div><\/div><\/div><\/section>\n","protected":false},"excerpt":{"rendered":"Colonies apprenantesUn projet initi\u00e9 et labellis\u00e9 par l\u2019\u00c9tat suite au confinement des \u00e9coliers. Un s\u00e9jour de rupture qui repose sur la d\u00e9couverte d\u2019un nouvel environnement. Une colonie organis\u00e9e dans le respect des consignes sanitaires autour de grandes th\u00e9matiques que sont : le renforcement des apprentissages, la culture, le sport et le d\u00e9veloppement durable. Des vacances...","protected":false},"author":1,"featured_media":0,"parent":22,"menu_order":0,"comment_status":"closed","ping_status":"closed","template":"","meta":{"footnotes":""},"class_list":["post-32","page","type-page","status-publish","hentry"],"yoast_head":"<!-- This site is optimized with the Yoast SEO plugin v27.2 - https:\/\/yoast.com\/product\/yoast-seo-wordpress\/ -->\n<title>Colonies apprenantes - Coup de Pouce<\/title>\n<meta name=\"description\" content=\"Apprendre en s&#039;amusant ! L&#039;association propose aux enfants dans le besoin de participer \u00e0 une colonie apprenante et d\u00e9paysante !\" \/>\n<meta name=\"robots\" content=\"index, follow, max-snippet:-1, max-image-preview:large, max-video-preview:-1\" \/>\n<link rel=\"canonical\" href=\"https:\/\/asscoupdepouce.com\/index.php\/nos-actions\/soutien-scolaire\/colonies-apprenantes\/\" \/>\n<meta property=\"og:locale\" content=\"fr_FR\" \/>\n<meta property=\"og:type\" content=\"article\" \/>\n<meta property=\"og:title\" content=\"Colonies apprenantes - Coup de Pouce\" \/>\n<meta property=\"og:description\" content=\"Apprendre en s&#039;amusant ! L&#039;association propose aux enfants dans le besoin de participer \u00e0 une colonie apprenante et d\u00e9paysante !\" \/>\n<meta property=\"og:url\" content=\"https:\/\/asscoupdepouce.com\/index.php\/nos-actions\/soutien-scolaire\/colonies-apprenantes\/\" \/>\n<meta property=\"og:site_name\" content=\"Coup de Pouce\" \/>\n<meta property=\"article:publisher\" content=\"https:\/\/fr-fr.facebook.com\/Association-Coup-de-Pouce-816767501818619\/\" \/>\n<meta property=\"article:modified_time\" content=\"2023-11-28T15:40:53+00:00\" \/>\n<meta name=\"twitter:card\" content=\"summary_large_image\" \/>\n<meta name=\"twitter:label1\" content=\"Dur\u00e9e de lecture estim\u00e9e\" \/>\n\t<meta name=\"twitter:data1\" content=\"2 minutes\" \/>\n<script type=\"application\/ld+json\" class=\"yoast-schema-graph\">{\"@context\":\"https:\/\/schema.org\",\"@graph\":[{\"@type\":\"WebPage\",\"@id\":\"https:\/\/asscoupdepouce.com\/index.php\/nos-actions\/soutien-scolaire\/colonies-apprenantes\/\",\"url\":\"https:\/\/asscoupdepouce.com\/index.php\/nos-actions\/soutien-scolaire\/colonies-apprenantes\/\",\"name\":\"Colonies apprenantes - Coup de Pouce\",\"isPartOf\":{\"@id\":\"https:\/\/asscoupdepouce.com\/#website\"},\"datePublished\":\"2021-03-18T15:08:45+00:00\",\"dateModified\":\"2023-11-28T15:40:53+00:00\",\"description\":\"Apprendre en s'amusant ! L'association propose aux enfants dans le besoin de participer \u00e0 une colonie apprenante et d\u00e9paysante !\",\"breadcrumb\":{\"@id\":\"https:\/\/asscoupdepouce.com\/index.php\/nos-actions\/soutien-scolaire\/colonies-apprenantes\/#breadcrumb\"},\"inLanguage\":\"fr-FR\",\"potentialAction\":[{\"@type\":\"ReadAction\",\"target\":[\"https:\/\/asscoupdepouce.com\/index.php\/nos-actions\/soutien-scolaire\/colonies-apprenantes\/\"]}]},{\"@type\":\"BreadcrumbList\",\"@id\":\"https:\/\/asscoupdepouce.com\/index.php\/nos-actions\/soutien-scolaire\/colonies-apprenantes\/#breadcrumb\",\"itemListElement\":[{\"@type\":\"ListItem\",\"position\":1,\"name\":\"Accueil\",\"item\":\"https:\/\/asscoupdepouce.com\/\"},{\"@type\":\"ListItem\",\"position\":2,\"name\":\"Nos actions\",\"item\":\"https:\/\/asscoupdepouce.com\/index.php\/nos-actions\/\"},{\"@type\":\"ListItem\",\"position\":3,\"name\":\"Soutien scolaire\",\"item\":\"https:\/\/asscoupdepouce.com\/index.php\/nos-actions\/soutien-scolaire\/\"},{\"@type\":\"ListItem\",\"position\":4,\"name\":\"Colonies apprenantes\"}]},{\"@type\":\"WebSite\",\"@id\":\"https:\/\/asscoupdepouce.com\/#website\",\"url\":\"https:\/\/asscoupdepouce.com\/\",\"name\":\"Association Coup de Pouce\",\"description\":\"L&#039;esprit de la r\u00e9ussite\",\"publisher\":{\"@id\":\"https:\/\/asscoupdepouce.com\/#organization\"},\"potentialAction\":[{\"@type\":\"SearchAction\",\"target\":{\"@type\":\"EntryPoint\",\"urlTemplate\":\"https:\/\/asscoupdepouce.com\/?s={search_term_string}\"},\"query-input\":{\"@type\":\"PropertyValueSpecification\",\"valueRequired\":true,\"valueName\":\"search_term_string\"}}],\"inLanguage\":\"fr-FR\"},{\"@type\":\"Organization\",\"@id\":\"https:\/\/asscoupdepouce.com\/#organization\",\"name\":\"Association Coup de Pouce\",\"url\":\"https:\/\/asscoupdepouce.com\/\",\"logo\":{\"@type\":\"ImageObject\",\"inLanguage\":\"fr-FR\",\"@id\":\"https:\/\/asscoupdepouce.com\/#\/schema\/logo\/image\/\",\"url\":\"https:\/\/asscoupdepouce.com\/wp-content\/uploads\/2021\/03\/Coup-de-pouce-logo-SITE.png\",\"contentUrl\":\"https:\/\/asscoupdepouce.com\/wp-content\/uploads\/2021\/03\/Coup-de-pouce-logo-SITE.png\",\"width\":2200,\"height\":864,\"caption\":\"Association Coup de Pouce\"},\"image\":{\"@id\":\"https:\/\/asscoupdepouce.com\/#\/schema\/logo\/image\/\"},\"sameAs\":[\"https:\/\/fr-fr.facebook.com\/Association-Coup-de-Pouce-816767501818619\/\"]}]}<\/script>\n<!-- \/ Yoast SEO plugin. -->","yoast_head_json":{"title":"Colonies apprenantes - Coup de Pouce","description":"Apprendre en s'amusant ! L'association propose aux enfants dans le besoin de participer \u00e0 une colonie apprenante et d\u00e9paysante !","robots":{"index":"index","follow":"follow","max-snippet":"max-snippet:-1","max-image-preview":"max-image-preview:large","max-video-preview":"max-video-preview:-1"},"canonical":"https:\/\/asscoupdepouce.com\/index.php\/nos-actions\/soutien-scolaire\/colonies-apprenantes\/","og_locale":"fr_FR","og_type":"article","og_title":"Colonies apprenantes - Coup de Pouce","og_description":"Apprendre en s'amusant ! L'association propose aux enfants dans le besoin de participer \u00e0 une colonie apprenante et d\u00e9paysante !","og_url":"https:\/\/asscoupdepouce.com\/index.php\/nos-actions\/soutien-scolaire\/colonies-apprenantes\/","og_site_name":"Coup de Pouce","article_publisher":"https:\/\/fr-fr.facebook.com\/Association-Coup-de-Pouce-816767501818619\/","article_modified_time":"2023-11-28T15:40:53+00:00","twitter_card":"summary_large_image","twitter_misc":{"Dur\u00e9e de lecture estim\u00e9e":"2 minutes"},"schema":{"@context":"https:\/\/schema.org","@graph":[{"@type":"WebPage","@id":"https:\/\/asscoupdepouce.com\/index.php\/nos-actions\/soutien-scolaire\/colonies-apprenantes\/","url":"https:\/\/asscoupdepouce.com\/index.php\/nos-actions\/soutien-scolaire\/colonies-apprenantes\/","name":"Colonies apprenantes - Coup de Pouce","isPartOf":{"@id":"https:\/\/asscoupdepouce.com\/#website"},"datePublished":"2021-03-18T15:08:45+00:00","dateModified":"2023-11-28T15:40:53+00:00","description":"Apprendre en s'amusant ! L'association propose aux enfants dans le besoin de participer \u00e0 une colonie apprenante et d\u00e9paysante !","breadcrumb":{"@id":"https:\/\/asscoupdepouce.com\/index.php\/nos-actions\/soutien-scolaire\/colonies-apprenantes\/#breadcrumb"},"inLanguage":"fr-FR","potentialAction":[{"@type":"ReadAction","target":["https:\/\/asscoupdepouce.com\/index.php\/nos-actions\/soutien-scolaire\/colonies-apprenantes\/"]}]},{"@type":"BreadcrumbList","@id":"https:\/\/asscoupdepouce.com\/index.php\/nos-actions\/soutien-scolaire\/colonies-apprenantes\/#breadcrumb","itemListElement":[{"@type":"ListItem","position":1,"name":"Accueil","item":"https:\/\/asscoupdepouce.com\/"},{"@type":"ListItem","position":2,"name":"Nos actions","item":"https:\/\/asscoupdepouce.com\/index.php\/nos-actions\/"},{"@type":"ListItem","position":3,"name":"Soutien scolaire","item":"https:\/\/asscoupdepouce.com\/index.php\/nos-actions\/soutien-scolaire\/"},{"@type":"ListItem","position":4,"name":"Colonies apprenantes"}]},{"@type":"WebSite","@id":"https:\/\/asscoupdepouce.com\/#website","url":"https:\/\/asscoupdepouce.com\/","name":"Association Coup de Pouce","description":"L&#039;esprit de la r\u00e9ussite","publisher":{"@id":"https:\/\/asscoupdepouce.com\/#organization"},"potentialAction":[{"@type":"SearchAction","target":{"@type":"EntryPoint","urlTemplate":"https:\/\/asscoupdepouce.com\/?s={search_term_string}"},"query-input":{"@type":"PropertyValueSpecification","valueRequired":true,"valueName":"search_term_string"}}],"inLanguage":"fr-FR"},{"@type":"Organization","@id":"https:\/\/asscoupdepouce.com\/#organization","name":"Association Coup de Pouce","url":"https:\/\/asscoupdepouce.com\/","logo":{"@type":"ImageObject","inLanguage":"fr-FR","@id":"https:\/\/asscoupdepouce.com\/#\/schema\/logo\/image\/","url":"https:\/\/asscoupdepouce.com\/wp-content\/uploads\/2021\/03\/Coup-de-pouce-logo-SITE.png","contentUrl":"https:\/\/asscoupdepouce.com\/wp-content\/uploads\/2021\/03\/Coup-de-pouce-logo-SITE.png","width":2200,"height":864,"caption":"Association Coup de Pouce"},"image":{"@id":"https:\/\/asscoupdepouce.com\/#\/schema\/logo\/image\/"},"sameAs":["https:\/\/fr-fr.facebook.com\/Association-Coup-de-Pouce-816767501818619\/"]}]}},"_links":{"self":[{"href":"https:\/\/asscoupdepouce.com\/index.php\/wp-json\/wp\/v2\/pages\/32","targetHints":{"allow":["GET"]}}],"collection":[{"href":"https:\/\/asscoupdepouce.com\/index.php\/wp-json\/wp\/v2\/pages"}],"about":[{"href":"https:\/\/asscoupdepouce.com\/index.php\/wp-json\/wp\/v2\/types\/page"}],"author":[{"embeddable":true,"href":"https:\/\/asscoupdepouce.com\/index.php\/wp-json\/wp\/v2\/users\/1"}],"replies":[{"embeddable":true,"href":"https:\/\/asscoupdepouce.com\/index.php\/wp-json\/wp\/v2\/comments?post=32"}],"version-history":[{"count":21,"href":"https:\/\/asscoupdepouce.com\/index.php\/wp-json\/wp\/v2\/pages\/32\/revisions"}],"predecessor-version":[{"id":845,"href":"https:\/\/asscoupdepouce.com\/index.php\/wp-json\/wp\/v2\/pages\/32\/revisions\/845"}],"up":[{"embeddable":true,"href":"https:\/\/asscoupdepouce.com\/index.php\/wp-json\/wp\/v2\/pages\/22"}],"wp:attachment":[{"href":"https:\/\/asscoupdepouce.com\/index.php\/wp-json\/wp\/v2\/media?parent=32"}],"curies":[{"name":"wp","href":"https:\/\/api.w.org\/{rel}","templated":true}]}}