{"id":36,"date":"2021-03-18T16:10:36","date_gmt":"2021-03-18T15:10:36","guid":{"rendered":"https:\/\/asscoupdepouce.com\/?page_id=36"},"modified":"2021-04-01T13:43:01","modified_gmt":"2021-04-01T11:43:01","slug":"rejoignez-nous","status":"publish","type":"page","link":"https:\/\/asscoupdepouce.com\/index.php\/rejoignez-nous\/","title":{"rendered":"Rejoignez-nous"},"content":{"rendered":"<section class=\"l-section wpb_row height_medium color_alternate with_shape\"><div class=\"l-section-shape type_wave pos_bottom\" style=\"height:15vmin;\"><svg xmlns=\"http:\/\/www.w3.org\/2000\/svg\" viewBox=\"0 4 64 4\" preserveAspectRatio=\"none\" width=\"100%\" height=\"100%\">\r\n\t<path fill=\"currentColor\" d=\"M64 6 C32 0 32 12 0 6 L0 8 L64 8 Z\"\/>\r\n<\/svg><\/div><div class=\"l-section-h i-cf\"><div class=\"g-cols vc_row via_flex valign_top type_default stacking_default\"><div class=\"vc_col-sm-12 wpb_column vc_column_container\"><div class=\"vc_column-inner\"><div class=\"wpb_wrapper\"><div class=\"wpb_text_column us_custom_87cc493c has_text_color\"><div class=\"wpb_wrapper\"><h1 style=\"text-align: center;\">Rejoignez-nous<\/h1>\n<\/div><\/div><div class=\"w-separator size_custom\" style=\"height:12vh\"><\/div><\/div><\/div><\/div><\/div><\/div><\/section><section class=\"l-section wpb_row height_medium with_shape\"><div class=\"l-section-shape type_wave pos_bottom\" style=\"height:15vmin;\"><svg xmlns=\"http:\/\/www.w3.org\/2000\/svg\" viewBox=\"0 4 64 4\" preserveAspectRatio=\"none\" width=\"100%\" height=\"100%\">\r\n\t<path fill=\"currentColor\" d=\"M64 6 C32 0 32 12 0 6 L0 8 L64 8 Z\"\/>\r\n<\/svg><\/div><div class=\"l-section-h i-cf\"><div class=\"g-cols vc_row via_flex valign_top type_default stacking_default\"><div class=\"vc_col-sm-8 wpb_column vc_column_container\"><div class=\"vc_column-inner\"><div class=\"wpb_wrapper\"><div class=\"w-image align_center\"><div class=\"w-image-h\"><img decoding=\"async\" width=\"2087\" height=\"2087\" src=\"https:\/\/asscoupdepouce.com\/wp-content\/uploads\/2021\/03\/Rejoignez-nous.jpg\" class=\"attachment-full size-full\" alt=\"Rejoignez-nous ! Apprendre \u00e0 aider et construire ensemble 2 personnes tricottant\" loading=\"lazy\" srcset=\"https:\/\/asscoupdepouce.com\/wp-content\/uploads\/2021\/03\/Rejoignez-nous.jpg 2087w, https:\/\/asscoupdepouce.com\/wp-content\/uploads\/2021\/03\/Rejoignez-nous-300x300.jpg 300w, https:\/\/asscoupdepouce.com\/wp-content\/uploads\/2021\/03\/Rejoignez-nous-1024x1024.jpg 1024w, https:\/\/asscoupdepouce.com\/wp-content\/uploads\/2021\/03\/Rejoignez-nous-150x150.jpg 150w, https:\/\/asscoupdepouce.com\/wp-content\/uploads\/2021\/03\/Rejoignez-nous-400x400.jpg 400w, https:\/\/asscoupdepouce.com\/wp-content\/uploads\/2021\/03\/Rejoignez-nous-500x500.jpg 500w\" sizes=\"auto, (max-width: 2087px) 100vw, 2087px\" \/><\/div><\/div><\/div><\/div><\/div><div class=\"vc_col-sm-4 wpb_column vc_column_container\"><div class=\"vc_column-inner\"><div class=\"wpb_wrapper\"><div class=\"g-cols wpb_row via_flex valign_top type_default stacking_default\"><div class=\"vc_col-sm-12 wpb_column vc_column_container\"><div class=\"vc_column-inner\"><div class=\"wpb_wrapper\"><div class=\"wpb_text_column\"><div class=\"wpb_wrapper\"><div class=\"uvc-main-heading ult-responsive\" data-ultimate-target=\".uvc-heading.ultimate-heading-9498605c992b4d241 h2\" data-responsive-json-new=\"{&quot;font-size&quot;:&quot;&quot;,&quot;line-height&quot;:&quot;&quot;}\">\n<h3>B\u00e9n\u00e9vole<\/h3>\n<\/div>\n<div class=\"uvc-sub-heading ult-responsive\" data-ultimate-target=\".uvc-heading.ultimate-heading-9498605c992b4d241 .uvc-sub-heading \" data-responsive-json-new=\"{&quot;font-size&quot;:&quot;&quot;,&quot;line-height&quot;:&quot;&quot;}\">Venez partager cette aventure avec nous !<\/div>\n<\/div><\/div><div class=\"w-btn-wrapper align_none\"><a class=\"w-btn us-btn-style_3\" title=\"B\u00e9n\u00e9voles\" target=\"_blank\" rel=\"nofollow\" href=\"https:\/\/asscoupdepouce.com\/index.php\/rejoignez-nous\/benevoles\/\"><span class=\"w-btn-label\">C&rsquo;est parti !<\/span><\/a><\/div><\/div><\/div><\/div><\/div><div class=\"w-separator size_small\"><\/div><div class=\"g-cols wpb_row via_flex valign_top type_default stacking_default\"><div class=\"vc_col-sm-12 wpb_column vc_column_container\"><div class=\"vc_column-inner\"><div class=\"wpb_wrapper\"><div class=\"wpb_text_column\"><div class=\"wpb_wrapper\"><div class=\"uvc-main-heading ult-responsive\" data-ultimate-target=\".uvc-heading.ultimate-heading-1407605c992b4e3f7 h2\" data-responsive-json-new=\"{&quot;font-size&quot;:&quot;&quot;,&quot;line-height&quot;:&quot;&quot;}\">\n<h3>Partenaire<\/h3>\n<\/div>\n<div class=\"uvc-sub-heading ult-responsive\" data-ultimate-target=\".uvc-heading.ultimate-heading-1407605c992b4e3f7 .uvc-sub-heading \" data-responsive-json-new=\"{&quot;font-size&quot;:&quot;&quot;,&quot;line-height&quot;:&quot;&quot;}\">\n<p>Une r\u00e9ussite partag\u00e9e gr\u00e2ce \u00e0 votre soutien !<\/p>\n<\/div>\n<\/div><\/div><div class=\"w-btn-wrapper align_none\"><a class=\"w-btn us-btn-style_5\" title=\"Partenaires\" target=\"_blank\" rel=\"nofollow\" href=\"https:\/\/asscoupdepouce.com\/index.php\/rejoignez-nous\/partenaires\/\"><span class=\"w-btn-label\">En savoir plus<\/span><\/a><\/div><\/div><\/div><\/div><\/div><div class=\"w-separator size_small\"><\/div><div class=\"g-cols wpb_row via_flex valign_top type_default stacking_default\"><div class=\"vc_col-sm-12 wpb_column vc_column_container\"><div class=\"vc_column-inner\"><div class=\"wpb_wrapper\"><div class=\"wpb_text_column\"><div class=\"wpb_wrapper\"><div class=\"uvc-main-heading ult-responsive\" data-ultimate-target=\".uvc-heading.ultimate-heading-6417605c992b4eaba h2\" data-responsive-json-new=\"{&quot;font-size&quot;:&quot;&quot;,&quot;line-height&quot;:&quot;&quot;}\">\n<h3>Faire un don<\/h3>\n<\/div>\n<div class=\"uvc-sub-heading ult-responsive\" data-ultimate-target=\".uvc-heading.ultimate-heading-6417605c992b4eaba .uvc-sub-heading \" data-responsive-json-new=\"{&quot;font-size&quot;:&quot;&quot;,&quot;line-height&quot;:&quot;&quot;}\">Pour que cette ann\u00e9e soit celle de leur r\u00e9ussite.<\/div>\n<\/div><\/div><div class=\"w-btn-wrapper align_none\"><a class=\"w-btn us-btn-style_4\" title=\"Rejoignez-nous\" target=\"_blank\" rel=\"nofollow\" href=\"https:\/\/asscoupdepouce.com\/index.php\/rejoignez-nous\/\"><span class=\"w-btn-label\">Cliquez ici<\/span><\/a><\/div><\/div><\/div><\/div><\/div><\/div><\/div><\/div><\/div><\/div><\/section>\n","protected":false},"excerpt":{"rendered":"Rejoignez-nous B\u00e9n\u00e9vole Venez partager cette aventure avec nous ! C&rsquo;est parti ! Partenaire Une r\u00e9ussite partag\u00e9e gr\u00e2ce \u00e0 votre soutien ! En savoir plus Faire un don Pour que cette ann\u00e9e soit celle de leur r\u00e9ussite. Cliquez ici","protected":false},"author":1,"featured_media":0,"parent":0,"menu_order":0,"comment_status":"closed","ping_status":"closed","template":"","meta":{"footnotes":""},"class_list":["post-36","page","type-page","status-publish","hentry"],"yoast_head":"<!-- This site is optimized with the Yoast SEO plugin v27.2 - https:\/\/yoast.com\/product\/yoast-seo-wordpress\/ -->\n<title>Rejoignez-nous - Coup de Pouce<\/title>\n<meta name=\"description\" content=\"Rejoignez l&#039;association Coup de Pouce, devenez b\u00e9n\u00e9vole, partenaire ou faites un don pour que cette ann\u00e9e soit celle de leur r\u00e9ussite.\" \/>\n<meta name=\"robots\" content=\"index, follow, max-snippet:-1, max-image-preview:large, max-video-preview:-1\" \/>\n<link rel=\"canonical\" href=\"https:\/\/asscoupdepouce.com\/index.php\/rejoignez-nous\/\" \/>\n<meta property=\"og:locale\" content=\"fr_FR\" \/>\n<meta property=\"og:type\" content=\"article\" \/>\n<meta property=\"og:title\" content=\"Rejoignez-nous - Coup de Pouce\" \/>\n<meta property=\"og:description\" content=\"Rejoignez l&#039;association Coup de Pouce, devenez b\u00e9n\u00e9vole, partenaire ou faites un don pour que cette ann\u00e9e soit celle de leur r\u00e9ussite.\" \/>\n<meta property=\"og:url\" content=\"https:\/\/asscoupdepouce.com\/index.php\/rejoignez-nous\/\" \/>\n<meta property=\"og:site_name\" content=\"Coup de Pouce\" \/>\n<meta property=\"article:publisher\" content=\"https:\/\/fr-fr.facebook.com\/Association-Coup-de-Pouce-816767501818619\/\" \/>\n<meta property=\"article:modified_time\" content=\"2021-04-01T11:43:01+00:00\" \/>\n<meta name=\"twitter:card\" content=\"summary_large_image\" \/>\n<meta name=\"twitter:label1\" content=\"Dur\u00e9e de lecture estim\u00e9e\" \/>\n\t<meta name=\"twitter:data1\" content=\"1 minute\" \/>\n<script type=\"application\/ld+json\" class=\"yoast-schema-graph\">{\"@context\":\"https:\/\/schema.org\",\"@graph\":[{\"@type\":\"WebPage\",\"@id\":\"https:\/\/asscoupdepouce.com\/index.php\/rejoignez-nous\/\",\"url\":\"https:\/\/asscoupdepouce.com\/index.php\/rejoignez-nous\/\",\"name\":\"Rejoignez-nous - Coup de Pouce\",\"isPartOf\":{\"@id\":\"https:\/\/asscoupdepouce.com\/#website\"},\"datePublished\":\"2021-03-18T15:10:36+00:00\",\"dateModified\":\"2021-04-01T11:43:01+00:00\",\"description\":\"Rejoignez l'association Coup de Pouce, devenez b\u00e9n\u00e9vole, partenaire ou faites un don pour que cette ann\u00e9e soit celle de leur r\u00e9ussite.\",\"breadcrumb\":{\"@id\":\"https:\/\/asscoupdepouce.com\/index.php\/rejoignez-nous\/#breadcrumb\"},\"inLanguage\":\"fr-FR\",\"potentialAction\":[{\"@type\":\"ReadAction\",\"target\":[\"https:\/\/asscoupdepouce.com\/index.php\/rejoignez-nous\/\"]}]},{\"@type\":\"BreadcrumbList\",\"@id\":\"https:\/\/asscoupdepouce.com\/index.php\/rejoignez-nous\/#breadcrumb\",\"itemListElement\":[{\"@type\":\"ListItem\",\"position\":1,\"name\":\"Accueil\",\"item\":\"https:\/\/asscoupdepouce.com\/\"},{\"@type\":\"ListItem\",\"position\":2,\"name\":\"Rejoignez-nous\"}]},{\"@type\":\"WebSite\",\"@id\":\"https:\/\/asscoupdepouce.com\/#website\",\"url\":\"https:\/\/asscoupdepouce.com\/\",\"name\":\"Association Coup de Pouce\",\"description\":\"L&#039;esprit de la r\u00e9ussite\",\"publisher\":{\"@id\":\"https:\/\/asscoupdepouce.com\/#organization\"},\"potentialAction\":[{\"@type\":\"SearchAction\",\"target\":{\"@type\":\"EntryPoint\",\"urlTemplate\":\"https:\/\/asscoupdepouce.com\/?s={search_term_string}\"},\"query-input\":{\"@type\":\"PropertyValueSpecification\",\"valueRequired\":true,\"valueName\":\"search_term_string\"}}],\"inLanguage\":\"fr-FR\"},{\"@type\":\"Organization\",\"@id\":\"https:\/\/asscoupdepouce.com\/#organization\",\"name\":\"Association Coup de Pouce\",\"url\":\"https:\/\/asscoupdepouce.com\/\",\"logo\":{\"@type\":\"ImageObject\",\"inLanguage\":\"fr-FR\",\"@id\":\"https:\/\/asscoupdepouce.com\/#\/schema\/logo\/image\/\",\"url\":\"https:\/\/asscoupdepouce.com\/wp-content\/uploads\/2021\/03\/Coup-de-pouce-logo-SITE.png\",\"contentUrl\":\"https:\/\/asscoupdepouce.com\/wp-content\/uploads\/2021\/03\/Coup-de-pouce-logo-SITE.png\",\"width\":2200,\"height\":864,\"caption\":\"Association Coup de Pouce\"},\"image\":{\"@id\":\"https:\/\/asscoupdepouce.com\/#\/schema\/logo\/image\/\"},\"sameAs\":[\"https:\/\/fr-fr.facebook.com\/Association-Coup-de-Pouce-816767501818619\/\"]}]}<\/script>\n<!-- \/ Yoast SEO plugin. -->","yoast_head_json":{"title":"Rejoignez-nous - Coup de Pouce","description":"Rejoignez l'association Coup de Pouce, devenez b\u00e9n\u00e9vole, partenaire ou faites un don pour que cette ann\u00e9e soit celle de leur r\u00e9ussite.","robots":{"index":"index","follow":"follow","max-snippet":"max-snippet:-1","max-image-preview":"max-image-preview:large","max-video-preview":"max-video-preview:-1"},"canonical":"https:\/\/asscoupdepouce.com\/index.php\/rejoignez-nous\/","og_locale":"fr_FR","og_type":"article","og_title":"Rejoignez-nous - Coup de Pouce","og_description":"Rejoignez l'association Coup de Pouce, devenez b\u00e9n\u00e9vole, partenaire ou faites un don pour que cette ann\u00e9e soit celle de leur r\u00e9ussite.","og_url":"https:\/\/asscoupdepouce.com\/index.php\/rejoignez-nous\/","og_site_name":"Coup de Pouce","article_publisher":"https:\/\/fr-fr.facebook.com\/Association-Coup-de-Pouce-816767501818619\/","article_modified_time":"2021-04-01T11:43:01+00:00","twitter_card":"summary_large_image","twitter_misc":{"Dur\u00e9e de lecture estim\u00e9e":"1 minute"},"schema":{"@context":"https:\/\/schema.org","@graph":[{"@type":"WebPage","@id":"https:\/\/asscoupdepouce.com\/index.php\/rejoignez-nous\/","url":"https:\/\/asscoupdepouce.com\/index.php\/rejoignez-nous\/","name":"Rejoignez-nous - Coup de Pouce","isPartOf":{"@id":"https:\/\/asscoupdepouce.com\/#website"},"datePublished":"2021-03-18T15:10:36+00:00","dateModified":"2021-04-01T11:43:01+00:00","description":"Rejoignez l'association Coup de Pouce, devenez b\u00e9n\u00e9vole, partenaire ou faites un don pour que cette ann\u00e9e soit celle de leur r\u00e9ussite.","breadcrumb":{"@id":"https:\/\/asscoupdepouce.com\/index.php\/rejoignez-nous\/#breadcrumb"},"inLanguage":"fr-FR","potentialAction":[{"@type":"ReadAction","target":["https:\/\/asscoupdepouce.com\/index.php\/rejoignez-nous\/"]}]},{"@type":"BreadcrumbList","@id":"https:\/\/asscoupdepouce.com\/index.php\/rejoignez-nous\/#breadcrumb","itemListElement":[{"@type":"ListItem","position":1,"name":"Accueil","item":"https:\/\/asscoupdepouce.com\/"},{"@type":"ListItem","position":2,"name":"Rejoignez-nous"}]},{"@type":"WebSite","@id":"https:\/\/asscoupdepouce.com\/#website","url":"https:\/\/asscoupdepouce.com\/","name":"Association Coup de Pouce","description":"L&#039;esprit de la r\u00e9ussite","publisher":{"@id":"https:\/\/asscoupdepouce.com\/#organization"},"potentialAction":[{"@type":"SearchAction","target":{"@type":"EntryPoint","urlTemplate":"https:\/\/asscoupdepouce.com\/?s={search_term_string}"},"query-input":{"@type":"PropertyValueSpecification","valueRequired":true,"valueName":"search_term_string"}}],"inLanguage":"fr-FR"},{"@type":"Organization","@id":"https:\/\/asscoupdepouce.com\/#organization","name":"Association Coup de Pouce","url":"https:\/\/asscoupdepouce.com\/","logo":{"@type":"ImageObject","inLanguage":"fr-FR","@id":"https:\/\/asscoupdepouce.com\/#\/schema\/logo\/image\/","url":"https:\/\/asscoupdepouce.com\/wp-content\/uploads\/2021\/03\/Coup-de-pouce-logo-SITE.png","contentUrl":"https:\/\/asscoupdepouce.com\/wp-content\/uploads\/2021\/03\/Coup-de-pouce-logo-SITE.png","width":2200,"height":864,"caption":"Association Coup de Pouce"},"image":{"@id":"https:\/\/asscoupdepouce.com\/#\/schema\/logo\/image\/"},"sameAs":["https:\/\/fr-fr.facebook.com\/Association-Coup-de-Pouce-816767501818619\/"]}]}},"_links":{"self":[{"href":"https:\/\/asscoupdepouce.com\/index.php\/wp-json\/wp\/v2\/pages\/36","targetHints":{"allow":["GET"]}}],"collection":[{"href":"https:\/\/asscoupdepouce.com\/index.php\/wp-json\/wp\/v2\/pages"}],"about":[{"href":"https:\/\/asscoupdepouce.com\/index.php\/wp-json\/wp\/v2\/types\/page"}],"author":[{"embeddable":true,"href":"https:\/\/asscoupdepouce.com\/index.php\/wp-json\/wp\/v2\/users\/1"}],"replies":[{"embeddable":true,"href":"https:\/\/asscoupdepouce.com\/index.php\/wp-json\/wp\/v2\/comments?post=36"}],"version-history":[{"count":8,"href":"https:\/\/asscoupdepouce.com\/index.php\/wp-json\/wp\/v2\/pages\/36\/revisions"}],"predecessor-version":[{"id":414,"href":"https:\/\/asscoupdepouce.com\/index.php\/wp-json\/wp\/v2\/pages\/36\/revisions\/414"}],"wp:attachment":[{"href":"https:\/\/asscoupdepouce.com\/index.php\/wp-json\/wp\/v2\/media?parent=36"}],"curies":[{"name":"wp","href":"https:\/\/api.w.org\/{rel}","templated":true}]}}