{"id":38,"date":"2021-03-18T16:11:32","date_gmt":"2021-03-18T15:11:32","guid":{"rendered":"https:\/\/asscoupdepouce.com\/?page_id=38"},"modified":"2025-10-20T14:56:28","modified_gmt":"2025-10-20T12:56:28","slug":"benevoles","status":"publish","type":"page","link":"https:\/\/asscoupdepouce.com\/index.php\/rejoignez-nous\/benevoles\/","title":{"rendered":"B\u00e9n\u00e9voles"},"content":{"rendered":"<section class=\"l-section wpb_row us_custom_e11ab399 height_medium with_img\"><div class=\"l-section-img\" role=\"img\" aria-label=\"Image\" data-img-width=\"1919\" data-img-height=\"1716\" style=\"background-image: url(https:\/\/asscoupdepouce.com\/wp-content\/uploads\/2021\/03\/Fond-1.png);\"><\/div><div class=\"l-section-h i-cf\"><div class=\"g-cols vc_row via_flex valign_middle type_default stacking_default\"><div class=\"vc_col-sm-12 wpb_column vc_column_container\"><div class=\"vc_column-inner\"><div class=\"wpb_wrapper\"><div class=\"wpb_text_column\"><div class=\"wpb_wrapper\"><h1 style=\"text-align: center;\">Devenir b\u00e9n\u00e9vole<\/h1>\n<\/div><\/div><div class=\"w-separator size_small\"><\/div><h4 class=\"w-itext us_custom_6c6da999 has_text_color type_fadeIn align_center\" style=\"--itext-dynamic-color:#ff87a9;--itext-transition-duration:0.3s;--itext-timing-function:cubic-bezier(.86,0,.07,1);\" onclick='return {&quot;duration&quot;:300,&quot;delay&quot;:4000}'>Comment contribuer ? <span class=\"w-itext-part\"><span class=\"w-itext-state state-0 is-active\">Accueil<\/span><span class=\"w-itext-state state-1\">Ecoute<\/span><span class=\"w-itext-state state-2\">Soutien scolaire<\/span><span class=\"w-itext-state state-3\">Animation<\/span><span class=\"w-itext-state state-4\">Informatique<\/span><span class=\"w-itext-state state-5\">Communication<\/span><\/span><\/h4><div class=\"w-separator size_large\"><\/div><div class=\"wpb_text_column\"><div class=\"wpb_wrapper\"><h5>Actif, \u00e9tudiant ou retrait\u00e9, chacun peut trouver chez Coup de Pouce un engagement qui lui correspond. Vous \u00eates majeur, vous avez envie d&rsquo;accorder du temps aux autres et distribuer sourires et bonne humeur ?<\/h5>\n<\/div><\/div><div class=\"w-separator size_small\"><\/div><div class=\"wpb_text_column us_custom_586259de has_text_color\"><div class=\"wpb_wrapper\"><h1>Rejoignez-nous !<\/h1>\n<\/div><\/div><div class=\"w-separator size_small\"><\/div><div class=\"g-cols wpb_row via_flex valign_middle type_default stacking_default\"><div class=\"vc_col-sm-6 wpb_column vc_column_container\"><div class=\"vc_column-inner\"><div class=\"wpb_wrapper\"><div class=\"w-image align_none\"><div class=\"w-image-h\"><img decoding=\"async\" width=\"7730\" height=\"7730\" src=\"https:\/\/asscoupdepouce.com\/wp-content\/uploads\/2021\/08\/Benevoles.png\" class=\"attachment-full size-full\" alt=\"\" loading=\"lazy\" srcset=\"https:\/\/asscoupdepouce.com\/wp-content\/uploads\/2021\/08\/Benevoles.png 7730w, https:\/\/asscoupdepouce.com\/wp-content\/uploads\/2021\/08\/Benevoles-150x150.png 150w, https:\/\/asscoupdepouce.com\/wp-content\/uploads\/2021\/08\/Benevoles-300x300.png 300w, https:\/\/asscoupdepouce.com\/wp-content\/uploads\/2021\/08\/Benevoles-1024x1024.png 1024w, https:\/\/asscoupdepouce.com\/wp-content\/uploads\/2021\/08\/Benevoles-400x400.png 400w, https:\/\/asscoupdepouce.com\/wp-content\/uploads\/2021\/08\/Benevoles-500x500.png 500w\" sizes=\"auto, (max-width: 7730px) 100vw, 7730px\" \/><\/div><\/div><\/div><\/div><\/div><div class=\"vc_col-sm-6 wpb_column vc_column_container\"><div class=\"vc_column-inner\"><div class=\"wpb_wrapper\"><div class=\"wpb_text_column\"><div class=\"wpb_wrapper\"><h5>Aujourd\u2019hui 5 b\u00e9n\u00e9voles participent \u00e0 l\u2019aventure Coup de Pouce.<\/h5>\n<h5>Venez la partager avec eux !<\/h5>\n<\/div><\/div><div class=\"w-separator size_medium\"><\/div><div class=\"w-btn-wrapper align_none\"><a class=\"w-btn us-btn-style_5\" title=\"Nous contacter\" target=\"_blank\" rel=\"nofollow\" href=\"https:\/\/asscoupdepouce.com\/index.php\/nous-contacter\/\"><span class=\"w-btn-label\">Contactez-nous !<\/span><\/a><\/div><\/div><\/div><\/div><\/div><\/div><\/div><\/div><\/div><\/div><\/section>\n","protected":false},"excerpt":{"rendered":"Devenir b\u00e9n\u00e9vole Comment contribuer ? AccueilEcouteSoutien scolaireAnimationInformatiqueCommunicationActif, \u00e9tudiant ou retrait\u00e9, chacun peut trouver chez Coup de Pouce un engagement qui lui correspond. Vous \u00eates majeur, vous avez envie d&rsquo;accorder du temps aux autres et distribuer sourires et bonne humeur ? Rejoignez-nous ! Aujourd\u2019hui 5 b\u00e9n\u00e9voles participent \u00e0 l\u2019aventure Coup de Pouce. Venez la partager avec...","protected":false},"author":1,"featured_media":0,"parent":36,"menu_order":0,"comment_status":"closed","ping_status":"closed","template":"","meta":{"footnotes":""},"class_list":["post-38","page","type-page","status-publish","hentry"],"yoast_head":"<!-- This site is optimized with the Yoast SEO plugin v27.2 - https:\/\/yoast.com\/product\/yoast-seo-wordpress\/ -->\n<title>B\u00e9n\u00e9voles - Coup de Pouce<\/title>\n<meta name=\"description\" content=\"Actif, \u00e9tudiant ou retrait\u00e9, chacun peut trouver chez Coup de Pouce un engagement qui lui correspond. Devenez b\u00e9n\u00e9vole !\" \/>\n<meta name=\"robots\" content=\"index, follow, max-snippet:-1, max-image-preview:large, max-video-preview:-1\" \/>\n<link rel=\"canonical\" href=\"https:\/\/asscoupdepouce.com\/index.php\/rejoignez-nous\/benevoles\/\" \/>\n<meta property=\"og:locale\" content=\"fr_FR\" \/>\n<meta property=\"og:type\" content=\"article\" \/>\n<meta property=\"og:title\" content=\"B\u00e9n\u00e9voles - Coup de Pouce\" \/>\n<meta property=\"og:description\" content=\"Actif, \u00e9tudiant ou retrait\u00e9, chacun peut trouver chez Coup de Pouce un engagement qui lui correspond. Devenez b\u00e9n\u00e9vole !\" \/>\n<meta property=\"og:url\" content=\"https:\/\/asscoupdepouce.com\/index.php\/rejoignez-nous\/benevoles\/\" \/>\n<meta property=\"og:site_name\" content=\"Coup de Pouce\" \/>\n<meta property=\"article:publisher\" content=\"https:\/\/fr-fr.facebook.com\/Association-Coup-de-Pouce-816767501818619\/\" \/>\n<meta property=\"article:modified_time\" content=\"2025-10-20T12:56:28+00:00\" \/>\n<meta name=\"twitter:card\" content=\"summary_large_image\" \/>\n<meta name=\"twitter:label1\" content=\"Dur\u00e9e de lecture estim\u00e9e\" \/>\n\t<meta name=\"twitter:data1\" content=\"1 minute\" \/>\n<script type=\"application\/ld+json\" class=\"yoast-schema-graph\">{\"@context\":\"https:\/\/schema.org\",\"@graph\":[{\"@type\":\"WebPage\",\"@id\":\"https:\/\/asscoupdepouce.com\/index.php\/rejoignez-nous\/benevoles\/\",\"url\":\"https:\/\/asscoupdepouce.com\/index.php\/rejoignez-nous\/benevoles\/\",\"name\":\"B\u00e9n\u00e9voles - Coup de Pouce\",\"isPartOf\":{\"@id\":\"https:\/\/asscoupdepouce.com\/#website\"},\"datePublished\":\"2021-03-18T15:11:32+00:00\",\"dateModified\":\"2025-10-20T12:56:28+00:00\",\"description\":\"Actif, \u00e9tudiant ou retrait\u00e9, chacun peut trouver chez Coup de Pouce un engagement qui lui correspond. Devenez b\u00e9n\u00e9vole !\",\"breadcrumb\":{\"@id\":\"https:\/\/asscoupdepouce.com\/index.php\/rejoignez-nous\/benevoles\/#breadcrumb\"},\"inLanguage\":\"fr-FR\",\"potentialAction\":[{\"@type\":\"ReadAction\",\"target\":[\"https:\/\/asscoupdepouce.com\/index.php\/rejoignez-nous\/benevoles\/\"]}]},{\"@type\":\"BreadcrumbList\",\"@id\":\"https:\/\/asscoupdepouce.com\/index.php\/rejoignez-nous\/benevoles\/#breadcrumb\",\"itemListElement\":[{\"@type\":\"ListItem\",\"position\":1,\"name\":\"Accueil\",\"item\":\"https:\/\/asscoupdepouce.com\/\"},{\"@type\":\"ListItem\",\"position\":2,\"name\":\"Rejoignez-nous\",\"item\":\"https:\/\/asscoupdepouce.com\/index.php\/rejoignez-nous\/\"},{\"@type\":\"ListItem\",\"position\":3,\"name\":\"B\u00e9n\u00e9voles\"}]},{\"@type\":\"WebSite\",\"@id\":\"https:\/\/asscoupdepouce.com\/#website\",\"url\":\"https:\/\/asscoupdepouce.com\/\",\"name\":\"Association Coup de Pouce\",\"description\":\"L&#039;esprit de la r\u00e9ussite\",\"publisher\":{\"@id\":\"https:\/\/asscoupdepouce.com\/#organization\"},\"potentialAction\":[{\"@type\":\"SearchAction\",\"target\":{\"@type\":\"EntryPoint\",\"urlTemplate\":\"https:\/\/asscoupdepouce.com\/?s={search_term_string}\"},\"query-input\":{\"@type\":\"PropertyValueSpecification\",\"valueRequired\":true,\"valueName\":\"search_term_string\"}}],\"inLanguage\":\"fr-FR\"},{\"@type\":\"Organization\",\"@id\":\"https:\/\/asscoupdepouce.com\/#organization\",\"name\":\"Association Coup de Pouce\",\"url\":\"https:\/\/asscoupdepouce.com\/\",\"logo\":{\"@type\":\"ImageObject\",\"inLanguage\":\"fr-FR\",\"@id\":\"https:\/\/asscoupdepouce.com\/#\/schema\/logo\/image\/\",\"url\":\"https:\/\/asscoupdepouce.com\/wp-content\/uploads\/2021\/03\/Coup-de-pouce-logo-SITE.png\",\"contentUrl\":\"https:\/\/asscoupdepouce.com\/wp-content\/uploads\/2021\/03\/Coup-de-pouce-logo-SITE.png\",\"width\":2200,\"height\":864,\"caption\":\"Association Coup de Pouce\"},\"image\":{\"@id\":\"https:\/\/asscoupdepouce.com\/#\/schema\/logo\/image\/\"},\"sameAs\":[\"https:\/\/fr-fr.facebook.com\/Association-Coup-de-Pouce-816767501818619\/\"]}]}<\/script>\n<!-- \/ Yoast SEO plugin. -->","yoast_head_json":{"title":"B\u00e9n\u00e9voles - Coup de Pouce","description":"Actif, \u00e9tudiant ou retrait\u00e9, chacun peut trouver chez Coup de Pouce un engagement qui lui correspond. Devenez b\u00e9n\u00e9vole !","robots":{"index":"index","follow":"follow","max-snippet":"max-snippet:-1","max-image-preview":"max-image-preview:large","max-video-preview":"max-video-preview:-1"},"canonical":"https:\/\/asscoupdepouce.com\/index.php\/rejoignez-nous\/benevoles\/","og_locale":"fr_FR","og_type":"article","og_title":"B\u00e9n\u00e9voles - Coup de Pouce","og_description":"Actif, \u00e9tudiant ou retrait\u00e9, chacun peut trouver chez Coup de Pouce un engagement qui lui correspond. Devenez b\u00e9n\u00e9vole !","og_url":"https:\/\/asscoupdepouce.com\/index.php\/rejoignez-nous\/benevoles\/","og_site_name":"Coup de Pouce","article_publisher":"https:\/\/fr-fr.facebook.com\/Association-Coup-de-Pouce-816767501818619\/","article_modified_time":"2025-10-20T12:56:28+00:00","twitter_card":"summary_large_image","twitter_misc":{"Dur\u00e9e de lecture estim\u00e9e":"1 minute"},"schema":{"@context":"https:\/\/schema.org","@graph":[{"@type":"WebPage","@id":"https:\/\/asscoupdepouce.com\/index.php\/rejoignez-nous\/benevoles\/","url":"https:\/\/asscoupdepouce.com\/index.php\/rejoignez-nous\/benevoles\/","name":"B\u00e9n\u00e9voles - Coup de Pouce","isPartOf":{"@id":"https:\/\/asscoupdepouce.com\/#website"},"datePublished":"2021-03-18T15:11:32+00:00","dateModified":"2025-10-20T12:56:28+00:00","description":"Actif, \u00e9tudiant ou retrait\u00e9, chacun peut trouver chez Coup de Pouce un engagement qui lui correspond. Devenez b\u00e9n\u00e9vole !","breadcrumb":{"@id":"https:\/\/asscoupdepouce.com\/index.php\/rejoignez-nous\/benevoles\/#breadcrumb"},"inLanguage":"fr-FR","potentialAction":[{"@type":"ReadAction","target":["https:\/\/asscoupdepouce.com\/index.php\/rejoignez-nous\/benevoles\/"]}]},{"@type":"BreadcrumbList","@id":"https:\/\/asscoupdepouce.com\/index.php\/rejoignez-nous\/benevoles\/#breadcrumb","itemListElement":[{"@type":"ListItem","position":1,"name":"Accueil","item":"https:\/\/asscoupdepouce.com\/"},{"@type":"ListItem","position":2,"name":"Rejoignez-nous","item":"https:\/\/asscoupdepouce.com\/index.php\/rejoignez-nous\/"},{"@type":"ListItem","position":3,"name":"B\u00e9n\u00e9voles"}]},{"@type":"WebSite","@id":"https:\/\/asscoupdepouce.com\/#website","url":"https:\/\/asscoupdepouce.com\/","name":"Association Coup de Pouce","description":"L&#039;esprit de la r\u00e9ussite","publisher":{"@id":"https:\/\/asscoupdepouce.com\/#organization"},"potentialAction":[{"@type":"SearchAction","target":{"@type":"EntryPoint","urlTemplate":"https:\/\/asscoupdepouce.com\/?s={search_term_string}"},"query-input":{"@type":"PropertyValueSpecification","valueRequired":true,"valueName":"search_term_string"}}],"inLanguage":"fr-FR"},{"@type":"Organization","@id":"https:\/\/asscoupdepouce.com\/#organization","name":"Association Coup de Pouce","url":"https:\/\/asscoupdepouce.com\/","logo":{"@type":"ImageObject","inLanguage":"fr-FR","@id":"https:\/\/asscoupdepouce.com\/#\/schema\/logo\/image\/","url":"https:\/\/asscoupdepouce.com\/wp-content\/uploads\/2021\/03\/Coup-de-pouce-logo-SITE.png","contentUrl":"https:\/\/asscoupdepouce.com\/wp-content\/uploads\/2021\/03\/Coup-de-pouce-logo-SITE.png","width":2200,"height":864,"caption":"Association Coup de Pouce"},"image":{"@id":"https:\/\/asscoupdepouce.com\/#\/schema\/logo\/image\/"},"sameAs":["https:\/\/fr-fr.facebook.com\/Association-Coup-de-Pouce-816767501818619\/"]}]}},"_links":{"self":[{"href":"https:\/\/asscoupdepouce.com\/index.php\/wp-json\/wp\/v2\/pages\/38","targetHints":{"allow":["GET"]}}],"collection":[{"href":"https:\/\/asscoupdepouce.com\/index.php\/wp-json\/wp\/v2\/pages"}],"about":[{"href":"https:\/\/asscoupdepouce.com\/index.php\/wp-json\/wp\/v2\/types\/page"}],"author":[{"embeddable":true,"href":"https:\/\/asscoupdepouce.com\/index.php\/wp-json\/wp\/v2\/users\/1"}],"replies":[{"embeddable":true,"href":"https:\/\/asscoupdepouce.com\/index.php\/wp-json\/wp\/v2\/comments?post=38"}],"version-history":[{"count":7,"href":"https:\/\/asscoupdepouce.com\/index.php\/wp-json\/wp\/v2\/pages\/38\/revisions"}],"predecessor-version":[{"id":1069,"href":"https:\/\/asscoupdepouce.com\/index.php\/wp-json\/wp\/v2\/pages\/38\/revisions\/1069"}],"up":[{"embeddable":true,"href":"https:\/\/asscoupdepouce.com\/index.php\/wp-json\/wp\/v2\/pages\/36"}],"wp:attachment":[{"href":"https:\/\/asscoupdepouce.com\/index.php\/wp-json\/wp\/v2\/media?parent=38"}],"curies":[{"name":"wp","href":"https:\/\/api.w.org\/{rel}","templated":true}]}}