{"id":448,"date":"2021-04-06T15:12:09","date_gmt":"2021-04-06T13:12:09","guid":{"rendered":"https:\/\/asscoupdepouce.com\/?page_id=448"},"modified":"2023-11-22T15:34:18","modified_gmt":"2023-11-22T14:34:18","slug":"ressources","status":"publish","type":"page","link":"https:\/\/asscoupdepouce.com\/index.php\/ressources\/","title":{"rendered":"Ressources"},"content":{"rendered":"<section class=\"l-section wpb_row us_custom_f17cc922 height_medium\"><div class=\"l-section-h i-cf\"><div class=\"g-cols vc_row via_flex valign_top type_default stacking_default\"><div class=\"vc_col-sm-12 wpb_column vc_column_container\"><div class=\"vc_column-inner\"><div class=\"wpb_wrapper\"><div class=\"g-cols wpb_row via_flex valign_top type_default stacking_default\"><div class=\"vc_col-sm-12 wpb_column vc_column_container\"><div class=\"vc_column-inner\"><div class=\"wpb_wrapper\"><div class=\"wpb_text_column\"><div class=\"wpb_wrapper\"><h1 style=\"text-align: center;\">Ressources p\u00e9dagogiques<\/h1>\n<\/div><\/div><div class=\"w-separator size_small\"><\/div><div class=\"wpb_text_column\"><div class=\"wpb_wrapper\"><h4 style=\"text-align: center;\">Quelques petits tuyaux p\u00e9dagogiques pour venir en appui \u00e0 vos enfants \u00e0 la maison<\/h4>\n<\/div><\/div><div class=\"w-separator size_custom\" style=\"height:12vh\"><\/div><\/div><\/div><\/div><\/div><div class=\"g-cols wpb_row us_custom_432d3f53 via_flex valign_middle type_default stacking_default\"><div class=\"vc_col-sm-6 wpb_column vc_column_container\"><div class=\"vc_column-inner\"><div class=\"wpb_wrapper\"><div class=\"wpb_text_column\"><div class=\"wpb_wrapper\"><h5>Pour <strong>assurer la continuit\u00e9 scolaire<\/strong> m\u00eame \u00e0 la maison, nous vous proposons des liens permettant le suivi scolaire des enfants d\u00e8s 6 ans. Vous trouverez \u00e9galement des liens pour les occuper de fa\u00e7on ludique et intelligente.<\/h5>\n<\/div><\/div><\/div><\/div><\/div><div class=\"vc_col-sm-6 wpb_column vc_column_container\"><div class=\"vc_column-inner us_custom_432d3f53\"><div class=\"wpb_wrapper\"><div class=\"w-image align_none\"><div class=\"w-image-h\"><img decoding=\"async\" width=\"2474\" height=\"2474\" src=\"https:\/\/asscoupdepouce.com\/wp-content\/uploads\/2021\/04\/Confinement-famille-outil-pedagogique.png\" class=\"attachment-full size-full\" alt=\"\" loading=\"lazy\" srcset=\"https:\/\/asscoupdepouce.com\/wp-content\/uploads\/2021\/04\/Confinement-famille-outil-pedagogique.png 2474w, https:\/\/asscoupdepouce.com\/wp-content\/uploads\/2021\/04\/Confinement-famille-outil-pedagogique-300x300.png 300w, https:\/\/asscoupdepouce.com\/wp-content\/uploads\/2021\/04\/Confinement-famille-outil-pedagogique-1024x1024.png 1024w, https:\/\/asscoupdepouce.com\/wp-content\/uploads\/2021\/04\/Confinement-famille-outil-pedagogique-150x150.png 150w, https:\/\/asscoupdepouce.com\/wp-content\/uploads\/2021\/04\/Confinement-famille-outil-pedagogique-400x400.png 400w, https:\/\/asscoupdepouce.com\/wp-content\/uploads\/2021\/04\/Confinement-famille-outil-pedagogique-500x500.png 500w\" sizes=\"auto, (max-width: 2474px) 100vw, 2474px\" \/><\/div><\/div><\/div><\/div><\/div><\/div><div class=\"w-separator size_large\"><\/div><div class=\"g-cols wpb_row us_custom_432d3f53 via_flex valign_top type_default stacking_default\"><div class=\"vc_col-sm-12 wpb_column vc_column_container\"><div class=\"vc_column-inner\"><div class=\"wpb_wrapper\"><div class=\"wpb_text_column\"><div class=\"wpb_wrapper\"><h5><strong>Aides pour le suivi scolaire :<\/strong><\/h5>\n<p>Le CNED : le dispositif <a href=\"https:\/\/www.cned.fr\/maclassealamaison\" target=\"_blank\" rel=\"noopener\"><strong>Ma classe \u00e0 la maison<\/strong><\/a> propose trois plateformes p\u00e9dagogiques gratuites, une par niveau, comprenant <strong>un ensemble de parcours conformes aux programmes<\/strong> : activit\u00e9s en ligne, s\u00e9ances de cours, exercices, ressources en langues vivantes\u2026<br \/>\nCes parcours sont class\u00e9s par discipline permettant ainsi, en fonction des besoins, de s\u00e9lectionner les contenus les plus adapt\u00e9s pour <strong>d\u00e9couvrir, r\u00e9viser ou approfondir les notions du programme, dans le cadre d\u2019un apprentissage \u00e0 la maison<\/strong>. : <a href=\"https:\/\/www.cned.fr\/maclassealamaison\" target=\"_blank\" rel=\"noopener\">https:\/\/www.cned.fr\/maclassealamaison<\/a><\/p>\n<h5><strong>Sites aux ressources p\u00e9dagogiques multiples :<\/strong><\/h5>\n<p>Lumni : des cours en vid\u00e9os du CP au lyc\u00e9e : <a href=\"https:\/\/www.lumni.fr\/\" target=\"_blank\" rel=\"noopener\">https:\/\/www.lumni.fr\/<\/a><\/p>\n<p>Continuit\u00e9 p\u00e9dagogique dans le premier degr\u00e9 (maternelle et \u00e9l\u00e9mentaire) : <a href=\"https:\/\/eduscol.education.fr\/1989\/continuite-pedagogique-dans-le-premier-degre\" target=\"_blank\" rel=\"noopener\">https:\/\/eduscol.education.fr\/1989\/continuite-pedagogique-dans-le-premier-degre<\/a><\/p>\n<p class=\"page__title\">Continuit\u00e9 p\u00e9dagogique dans le second degr\u00e9 (coll\u00e8ges et lyc\u00e9es) : <a href=\"https:\/\/eduscol.education.fr\/2728\/continuite-pedagogique-dans-le-second-degre?menu_id=3409\" target=\"_blank\" rel=\"noopener\">https:\/\/eduscol.education.fr\/2728\/continuite-pedagogique-dans-le-second-degre?menu_id=3409<\/a><\/p>\n<p>D&rsquo;autres ressources num\u00e9riques pour la continuit\u00e9 p\u00e9dagogique : <a href=\"https:\/\/eduscol.education.fr\/2016\/d-autres-ressources-numeriques-pour-la-continuite-pedagogique?menu_id=2481\" target=\"_blank\" rel=\"noopener\">https:\/\/eduscol.education.fr\/2016\/d-autres-ressources-numeriques-pour-la-continuite-pedagogique?menu_id=2481<\/a><\/p>\n<p>Didier Khan Academy : <a href=\"https:\/\/fr.khanacademy.org\/\" target=\"_blank\" rel=\"noopener\">https:\/\/fr.khanacademy.org\/<\/a><\/p>\n<p>R\u00e9seau Canop\u00e9 : <a href=\"https:\/\/www.reseau-canope.fr\/\" target=\"_blank\" rel=\"noopener\">https:\/\/www.reseau-canope.fr\/<\/a><\/p>\n<p><strong>Trouvez \u00e9galement en <a href=\"https:\/\/www.egalite-femmes-hommes.gouv.fr\/wp-content\/uploads\/2020\/03\/Guide-parents-confines-valide.pdf\" target=\"_blank\" rel=\"noopener\">cliquant ici<\/a> le guide complet des parents confin\u00e9s !<\/strong><\/p>\n<\/div><\/div><\/div><\/div><\/div><\/div><div class=\"w-separator size_large\"><\/div><div class=\"g-cols wpb_row us_custom_432d3f53 via_flex valign_top type_default stacking_default\"><div class=\"vc_col-sm-12 wpb_column vc_column_container\"><div class=\"vc_column-inner us_custom_432d3f53\"><div class=\"wpb_wrapper\"><div class=\"wpb_text_column\"><div class=\"wpb_wrapper\"><h5><strong>Occuper les enfants dans la journ\u00e9e :<\/strong><\/h5>\n<p>Des podcasts d\u2019histoires pour enfants, des podcasts pour se cultiver, des podcasts 100% anglais, des livres audio, une liste des meilleurs albums \u00e0 \u00e9couter, des BD et des livres \u00e0 lire gratuitement, des vid\u00e9os pour occuper les enfants \u00e0 la maison (pour apprendre des choses, se divertir, pour les pr\u00e9-ado et les plus grands, des cha\u00eenes en anglais&#8230;), des sites d&rsquo;activit\u00e9s (DIY, pliages et d\u00e9coupages, exp\u00e9riences, coloriages&#8230;)<\/p>\n<p>Suivez ce lien pour plus de d\u00e9tails :\u00a0<a href=\"https:\/\/taleming.com\/occuper-enfants-maison-coronavirus\/\" target=\"_blank\" rel=\"noopener\">https:\/\/taleming.com\/occuper-enfants-maison-coronavirus\/<\/a><\/p>\n<\/div><\/div><\/div><\/div><\/div><\/div><div class=\"w-separator size_large\"><\/div><div class=\"g-cols wpb_row us_custom_432d3f53 via_flex valign_top type_default stacking_default\"><div class=\"vc_col-sm-12 wpb_column vc_column_container\"><div class=\"vc_column-inner\"><div class=\"wpb_wrapper\"><div class=\"wpb_text_column\"><div class=\"wpb_wrapper\"><h5><strong>Quelques adresses pour consulter gratuitement les manuels de certains des \u00e9diteurs et autres supports p\u00e9dagogiques :<\/strong><\/h5>\n<p>\u00c9ditions Delagrave : <a href=\"https:\/\/www.editions-delagrave.fr\/contenu\/la-continuite-pedagogique-ensemble\" target=\"_blank\" rel=\"noopener\">https:\/\/www.editions-delagrave.fr\/contenu\/la-continuite-pedagogique-ensemble<\/a><\/p>\n<p>\u00c9ditions Magnard : <a href=\"https:\/\/www.magnard.fr\/continuite-pedagogique\" target=\"_blank\" rel=\"noopener\">https:\/\/www.magnard.fr\/continuite-pedagogique<\/a><\/p>\n<p>Vuibert Hachette Education : <a href=\"http:\/\/mesmanuels.fr\/alamaison\" target=\"_blank\" rel=\"noopener\">http:\/\/mesmanuels.fr\/alamaison<\/a><\/p>\n<p>\u00c9ditions Hachette (lyc\u00e9ens) : <a href=\"https:\/\/www.hachette-education.com\/\" target=\"_blank\" rel=\"noopener\">https:\/\/www.hachette-education.com\/<\/a><\/p>\n<p>\u00c9ditions Hatier : <a href=\"https:\/\/www.editions-hatier.fr\/\" target=\"_blank\" rel=\"noopener\">https:\/\/www.editions-hatier.fr\/<\/a><\/p>\n<p>Livres en anglais gratuits pour d\u00e9butants : <a href=\"https:\/\/www.websiteplanet.com\/fr\/blog\/livres-anglais-gratuits-pour-debutants-a-imprimer\/\">https:\/\/www.websiteplanet.com\/fr\/blog\/livres-anglais-gratuits-pour-debutants-a-imprimer\/<\/a><\/p>\n<\/div><\/div><\/div><\/div><\/div><\/div><div class=\"w-separator size_large\"><\/div><div class=\"g-cols wpb_row us_custom_432d3f53 via_flex valign_top type_default stacking_default\"><div class=\"vc_col-sm-12 wpb_column vc_column_container\"><div class=\"vc_column-inner us_custom_432d3f53\"><div class=\"wpb_wrapper\"><div class=\"w-actionbox us_custom_432d3f53 color_primary controls_right\"><div class=\"w-actionbox-text\"><h2 class=\"w-actionbox-title\">Contactez-nous !<\/h2><div class=\"w-actionbox-description\"><p>Si vous ou vos enfants avez besoin d&rsquo;une aide personnalis\u00e9e, n&rsquo;h\u00e9sitez pas \u00e0 prendre contact avec l&rsquo;association et nous essaierons de trouver r\u00e9ponses \u00e0 vos interrogations et de vous aiguiller au mieux.<\/p>\n<\/div><\/div><div class=\"w-actionbox-controls\"><a class=\"w-btn us-btn-style_6\" target=\"_blank\" rel=\"nofollow\" href=\"https:\/\/asscoupdepouce.com\/index.php\/nous-contacter\/\"><span class=\"w-btn-label\">Cliquez-ici<\/span><\/a><\/div><\/div><\/div><\/div><\/div><\/div><\/div><\/div><\/div><\/div><\/div><\/section>\n","protected":false},"excerpt":{"rendered":"Ressources p\u00e9dagogiques Quelques petits tuyaux p\u00e9dagogiques pour venir en appui \u00e0 vos enfants \u00e0 la maison Pour assurer la continuit\u00e9 scolaire m\u00eame \u00e0 la maison, nous vous proposons des liens permettant le suivi scolaire des enfants d\u00e8s 6 ans. Vous trouverez \u00e9galement des liens pour les occuper de fa\u00e7on ludique et intelligente. Aides pour le...","protected":false},"author":1,"featured_media":0,"parent":0,"menu_order":0,"comment_status":"closed","ping_status":"closed","template":"","meta":{"footnotes":""},"class_list":["post-448","page","type-page","status-publish","hentry"],"yoast_head":"<!-- This site is optimized with the Yoast SEO plugin v27.2 - https:\/\/yoast.com\/product\/yoast-seo-wordpress\/ -->\n<title>Ressources - Coup de Pouce<\/title>\n<meta name=\"description\" content=\"Retrouvez des ressources p\u00e9dagogiques en ligne pour occuper de fa\u00e7on ludique et intelligente vos enfants \u00e0 la maison ! Vid\u00e9os, ateliers...\" \/>\n<meta name=\"robots\" content=\"index, follow, max-snippet:-1, max-image-preview:large, max-video-preview:-1\" \/>\n<link rel=\"canonical\" href=\"https:\/\/asscoupdepouce.com\/index.php\/ressources\/\" \/>\n<meta property=\"og:locale\" content=\"fr_FR\" \/>\n<meta property=\"og:type\" content=\"article\" \/>\n<meta property=\"og:title\" content=\"Ressources - Coup de Pouce\" \/>\n<meta property=\"og:description\" content=\"Retrouvez des ressources p\u00e9dagogiques en ligne pour occuper de fa\u00e7on ludique et intelligente vos enfants \u00e0 la maison ! Vid\u00e9os, ateliers...\" \/>\n<meta property=\"og:url\" content=\"https:\/\/asscoupdepouce.com\/index.php\/ressources\/\" \/>\n<meta property=\"og:site_name\" content=\"Coup de Pouce\" \/>\n<meta property=\"article:publisher\" content=\"https:\/\/fr-fr.facebook.com\/Association-Coup-de-Pouce-816767501818619\/\" \/>\n<meta property=\"article:modified_time\" content=\"2023-11-22T14:34:18+00:00\" \/>\n<meta name=\"twitter:card\" content=\"summary_large_image\" \/>\n<meta name=\"twitter:label1\" content=\"Dur\u00e9e de lecture estim\u00e9e\" \/>\n\t<meta name=\"twitter:data1\" content=\"2 minutes\" \/>\n<script type=\"application\/ld+json\" class=\"yoast-schema-graph\">{\"@context\":\"https:\/\/schema.org\",\"@graph\":[{\"@type\":\"WebPage\",\"@id\":\"https:\/\/asscoupdepouce.com\/index.php\/ressources\/\",\"url\":\"https:\/\/asscoupdepouce.com\/index.php\/ressources\/\",\"name\":\"Ressources - Coup de Pouce\",\"isPartOf\":{\"@id\":\"https:\/\/asscoupdepouce.com\/#website\"},\"datePublished\":\"2021-04-06T13:12:09+00:00\",\"dateModified\":\"2023-11-22T14:34:18+00:00\",\"description\":\"Retrouvez des ressources p\u00e9dagogiques en ligne pour occuper de fa\u00e7on ludique et intelligente vos enfants \u00e0 la maison ! Vid\u00e9os, ateliers...\",\"breadcrumb\":{\"@id\":\"https:\/\/asscoupdepouce.com\/index.php\/ressources\/#breadcrumb\"},\"inLanguage\":\"fr-FR\",\"potentialAction\":[{\"@type\":\"ReadAction\",\"target\":[\"https:\/\/asscoupdepouce.com\/index.php\/ressources\/\"]}]},{\"@type\":\"BreadcrumbList\",\"@id\":\"https:\/\/asscoupdepouce.com\/index.php\/ressources\/#breadcrumb\",\"itemListElement\":[{\"@type\":\"ListItem\",\"position\":1,\"name\":\"Accueil\",\"item\":\"https:\/\/asscoupdepouce.com\/\"},{\"@type\":\"ListItem\",\"position\":2,\"name\":\"Ressources\"}]},{\"@type\":\"WebSite\",\"@id\":\"https:\/\/asscoupdepouce.com\/#website\",\"url\":\"https:\/\/asscoupdepouce.com\/\",\"name\":\"Association Coup de Pouce\",\"description\":\"L&#039;esprit de la r\u00e9ussite\",\"publisher\":{\"@id\":\"https:\/\/asscoupdepouce.com\/#organization\"},\"potentialAction\":[{\"@type\":\"SearchAction\",\"target\":{\"@type\":\"EntryPoint\",\"urlTemplate\":\"https:\/\/asscoupdepouce.com\/?s={search_term_string}\"},\"query-input\":{\"@type\":\"PropertyValueSpecification\",\"valueRequired\":true,\"valueName\":\"search_term_string\"}}],\"inLanguage\":\"fr-FR\"},{\"@type\":\"Organization\",\"@id\":\"https:\/\/asscoupdepouce.com\/#organization\",\"name\":\"Association Coup de Pouce\",\"url\":\"https:\/\/asscoupdepouce.com\/\",\"logo\":{\"@type\":\"ImageObject\",\"inLanguage\":\"fr-FR\",\"@id\":\"https:\/\/asscoupdepouce.com\/#\/schema\/logo\/image\/\",\"url\":\"https:\/\/asscoupdepouce.com\/wp-content\/uploads\/2021\/03\/Coup-de-pouce-logo-SITE.png\",\"contentUrl\":\"https:\/\/asscoupdepouce.com\/wp-content\/uploads\/2021\/03\/Coup-de-pouce-logo-SITE.png\",\"width\":2200,\"height\":864,\"caption\":\"Association Coup de Pouce\"},\"image\":{\"@id\":\"https:\/\/asscoupdepouce.com\/#\/schema\/logo\/image\/\"},\"sameAs\":[\"https:\/\/fr-fr.facebook.com\/Association-Coup-de-Pouce-816767501818619\/\"]}]}<\/script>\n<!-- \/ Yoast SEO plugin. -->","yoast_head_json":{"title":"Ressources - Coup de Pouce","description":"Retrouvez des ressources p\u00e9dagogiques en ligne pour occuper de fa\u00e7on ludique et intelligente vos enfants \u00e0 la maison ! Vid\u00e9os, ateliers...","robots":{"index":"index","follow":"follow","max-snippet":"max-snippet:-1","max-image-preview":"max-image-preview:large","max-video-preview":"max-video-preview:-1"},"canonical":"https:\/\/asscoupdepouce.com\/index.php\/ressources\/","og_locale":"fr_FR","og_type":"article","og_title":"Ressources - Coup de Pouce","og_description":"Retrouvez des ressources p\u00e9dagogiques en ligne pour occuper de fa\u00e7on ludique et intelligente vos enfants \u00e0 la maison ! Vid\u00e9os, ateliers...","og_url":"https:\/\/asscoupdepouce.com\/index.php\/ressources\/","og_site_name":"Coup de Pouce","article_publisher":"https:\/\/fr-fr.facebook.com\/Association-Coup-de-Pouce-816767501818619\/","article_modified_time":"2023-11-22T14:34:18+00:00","twitter_card":"summary_large_image","twitter_misc":{"Dur\u00e9e de lecture estim\u00e9e":"2 minutes"},"schema":{"@context":"https:\/\/schema.org","@graph":[{"@type":"WebPage","@id":"https:\/\/asscoupdepouce.com\/index.php\/ressources\/","url":"https:\/\/asscoupdepouce.com\/index.php\/ressources\/","name":"Ressources - Coup de Pouce","isPartOf":{"@id":"https:\/\/asscoupdepouce.com\/#website"},"datePublished":"2021-04-06T13:12:09+00:00","dateModified":"2023-11-22T14:34:18+00:00","description":"Retrouvez des ressources p\u00e9dagogiques en ligne pour occuper de fa\u00e7on ludique et intelligente vos enfants \u00e0 la maison ! Vid\u00e9os, ateliers...","breadcrumb":{"@id":"https:\/\/asscoupdepouce.com\/index.php\/ressources\/#breadcrumb"},"inLanguage":"fr-FR","potentialAction":[{"@type":"ReadAction","target":["https:\/\/asscoupdepouce.com\/index.php\/ressources\/"]}]},{"@type":"BreadcrumbList","@id":"https:\/\/asscoupdepouce.com\/index.php\/ressources\/#breadcrumb","itemListElement":[{"@type":"ListItem","position":1,"name":"Accueil","item":"https:\/\/asscoupdepouce.com\/"},{"@type":"ListItem","position":2,"name":"Ressources"}]},{"@type":"WebSite","@id":"https:\/\/asscoupdepouce.com\/#website","url":"https:\/\/asscoupdepouce.com\/","name":"Association Coup de Pouce","description":"L&#039;esprit de la r\u00e9ussite","publisher":{"@id":"https:\/\/asscoupdepouce.com\/#organization"},"potentialAction":[{"@type":"SearchAction","target":{"@type":"EntryPoint","urlTemplate":"https:\/\/asscoupdepouce.com\/?s={search_term_string}"},"query-input":{"@type":"PropertyValueSpecification","valueRequired":true,"valueName":"search_term_string"}}],"inLanguage":"fr-FR"},{"@type":"Organization","@id":"https:\/\/asscoupdepouce.com\/#organization","name":"Association Coup de Pouce","url":"https:\/\/asscoupdepouce.com\/","logo":{"@type":"ImageObject","inLanguage":"fr-FR","@id":"https:\/\/asscoupdepouce.com\/#\/schema\/logo\/image\/","url":"https:\/\/asscoupdepouce.com\/wp-content\/uploads\/2021\/03\/Coup-de-pouce-logo-SITE.png","contentUrl":"https:\/\/asscoupdepouce.com\/wp-content\/uploads\/2021\/03\/Coup-de-pouce-logo-SITE.png","width":2200,"height":864,"caption":"Association Coup de Pouce"},"image":{"@id":"https:\/\/asscoupdepouce.com\/#\/schema\/logo\/image\/"},"sameAs":["https:\/\/fr-fr.facebook.com\/Association-Coup-de-Pouce-816767501818619\/"]}]}},"_links":{"self":[{"href":"https:\/\/asscoupdepouce.com\/index.php\/wp-json\/wp\/v2\/pages\/448","targetHints":{"allow":["GET"]}}],"collection":[{"href":"https:\/\/asscoupdepouce.com\/index.php\/wp-json\/wp\/v2\/pages"}],"about":[{"href":"https:\/\/asscoupdepouce.com\/index.php\/wp-json\/wp\/v2\/types\/page"}],"author":[{"embeddable":true,"href":"https:\/\/asscoupdepouce.com\/index.php\/wp-json\/wp\/v2\/users\/1"}],"replies":[{"embeddable":true,"href":"https:\/\/asscoupdepouce.com\/index.php\/wp-json\/wp\/v2\/comments?post=448"}],"version-history":[{"count":27,"href":"https:\/\/asscoupdepouce.com\/index.php\/wp-json\/wp\/v2\/pages\/448\/revisions"}],"predecessor-version":[{"id":834,"href":"https:\/\/asscoupdepouce.com\/index.php\/wp-json\/wp\/v2\/pages\/448\/revisions\/834"}],"wp:attachment":[{"href":"https:\/\/asscoupdepouce.com\/index.php\/wp-json\/wp\/v2\/media?parent=448"}],"curies":[{"name":"wp","href":"https:\/\/api.w.org\/{rel}","templated":true}]}}