{"id":45,"date":"2021-03-18T16:14:14","date_gmt":"2021-03-18T15:14:14","guid":{"rendered":"https:\/\/asscoupdepouce.com\/?page_id=45"},"modified":"2023-11-29T11:10:04","modified_gmt":"2023-11-29T10:10:04","slug":"une-question","status":"publish","type":"page","link":"https:\/\/asscoupdepouce.com\/index.php\/une-question\/","title":{"rendered":"Une question ?"},"content":{"rendered":"<section class=\"l-section wpb_row height_medium color_alternate with_shape\"><div class=\"l-section-shape type_wave pos_bottom\" style=\"height:15vmin;\"><svg xmlns=\"http:\/\/www.w3.org\/2000\/svg\" viewBox=\"0 4 64 4\" preserveAspectRatio=\"none\" width=\"100%\" height=\"100%\">\r\n\t<path fill=\"currentColor\" d=\"M64 6 C32 0 32 12 0 6 L0 8 L64 8 Z\"\/>\r\n<\/svg><\/div><div class=\"l-section-h i-cf\"><div class=\"g-cols vc_row via_flex valign_top type_default stacking_default\"><div class=\"vc_col-sm-12 wpb_column vc_column_container\"><div class=\"vc_column-inner\"><div class=\"wpb_wrapper\"><div class=\"wpb_text_column\"><div class=\"wpb_wrapper\"><h1 style=\"text-align: center;\">Une question ?<\/h1>\n<\/div><\/div><div class=\"w-separator size_custom\" style=\"height:12vh\"><\/div><\/div><\/div><\/div><\/div><\/div><\/section><section class=\"l-section wpb_row height_medium\"><div class=\"l-section-h i-cf\"><div class=\"g-cols vc_row via_flex valign_top type_default stacking_default\"><div class=\"vc_col-sm-9 wpb_column vc_column_container\"><div class=\"vc_column-inner\"><div class=\"wpb_wrapper\"><div class=\"w-tabs style_default switch_click accordion type_togglable has_scrolling\" style=\"--sections-title-size:1.4rem\"><div class=\"w-tabs-sections titles-align_none icon_chevron cpos_right\"><div class=\"w-tabs-section\" id=\"faq1\"><button class=\"w-tabs-section-header with_icon\" aria-controls=\"content-faq1\" aria-expanded=\"false\"><i class=\"far fa-question-circle\"><\/i><div class=\"w-tabs-section-title\">Documents \u00e0 fournir pour une demande ou renouvellement de carte nationale d&rsquo;identit\u00e9 \u00e9lectronique (majeur ou mineur + de 12 ans)<\/div><div class=\"w-tabs-section-control\"><\/div><\/button><div  class=\"w-tabs-section-content\" id=\"content-faq1\"><div class=\"w-tabs-section-content-h i-cf\"><div class=\"wpb_text_column\"><div class=\"wpb_wrapper\"><h4><strong>Premi\u00e8re demande de carte nationale d&rsquo;identit\u00e9 \u00e9lectronique (majeur ou mineur + de 12 ans)<\/strong><\/h4>\n<ul>\n<li>Carte de s\u00e9jour ou carte d&rsquo;identit\u00e9 fran\u00e7aise<\/li>\n<li>Carte consulaire<br \/>\nExtrait ou copie int\u00e9grale de naissance marocain arabe fran\u00e7ais (moins de 3 mois ou 6 mois pour ceux qui sont n\u00e9s au MAROC)<\/li>\n<li>Acte de naissance : Face Arabe, Face Fran\u00e7ais<\/li>\n<\/ul>\n<p><strong>OU<\/strong><\/p>\n<ul>\n<li>Le nouveau livret de famille marocain : Page p\u00e8re, Page m\u00e8re, Page du demandeur<\/li>\n<li>Un justificatif de domicile de moins de 3 mois : quittance de loyer, facture gaz ou \u00e9lectricit\u00e9, &#8230;<\/li>\n<li>4 photographies d\u2019identit\u00e9 r\u00e9centes de face et en couleur, sur fond clair, de format 3,5 cm * 4,5 cm, le visage et les oreilles d\u00e9couverts, sans lunettes sombres<\/li>\n<\/ul>\n<h4><strong>Renouv\u00e8lement carte nationale d&rsquo;identit\u00e9 <\/strong><\/h4>\n<ul>\n<li>Ancienne carte nationale d&rsquo;identit\u00e9 marocaine<\/li>\n<li>Carte de s\u00e9jour ou carte d&rsquo;identit\u00e9 fran\u00e7aise<\/li>\n<li>Carte consulaire<br \/>\nExtrait ou copie int\u00e9grale de naissance marocain arabe fran\u00e7ais (moins de 3 mois ou 6 mois pour ceux qui sont n\u00e9s au MAROC)<\/li>\n<li>Acte de naissance : Face Arabe, Face Fran\u00e7ais<\/li>\n<\/ul>\n<p><strong>OU<\/strong><\/p>\n<ul>\n<li>Le nouveau livret de famille marocain : Page p\u00e8re, Page m\u00e8re, Page du demandeur<\/li>\n<li>Un justificatif de domicile de moins de 3 mois : quittance de loyer, facture, gaz ou \u00e9lectricit\u00e9, &#8230;<\/li>\n<\/ul>\n<\/div><\/div><\/div><\/div><\/div><div class=\"w-tabs-section\" id=\"z737\"><button class=\"w-tabs-section-header with_icon\" aria-controls=\"content-z737\" aria-expanded=\"false\"><i class=\"far fa-question-circle\"><\/i><div class=\"w-tabs-section-title\">Documents \u00e0 fournir pour une demande ou un renouvellement de passeport<\/div><div class=\"w-tabs-section-control\"><\/div><\/button><div  class=\"w-tabs-section-content\" id=\"content-z737\"><div class=\"w-tabs-section-content-h i-cf\"><div class=\"wpb_text_column\"><div class=\"wpb_wrapper\"><h4><strong>Premi\u00e8re demande de passeport pour majeur<\/strong><\/h4>\n<ul>\n<li>Carte nationale d\u2019identit\u00e9 \u00e9lectronique marocaine<\/li>\n<li>Carte de s\u00e9jour ou carte d&rsquo;identit\u00e9 fran\u00e7aise<\/li>\n<li>Justificatif de domicile de moins de 3 mois : quittance de loyer, facture gaz ou \u00e9lectricit\u00e9, &#8230;<\/li>\n<li>Deux photographies d\u2019identit\u00e9 identiques, r\u00e9centes, sur fond clair de format 30 mm x 40 mm.<\/li>\n<\/ul>\n<h4><strong>Renouv\u00e8lement de passeport pour majeur<\/strong><\/h4>\n<ul>\n<li>Carte nationale d\u2019identit\u00e9 \u00e9lectronique marocaine<\/li>\n<li>Carte de s\u00e9jour ou carte d&rsquo;identit\u00e9 fran\u00e7aise<\/li>\n<li>Ancien Passeport<\/li>\n<li>Justificatif de domicile de moins de 3 mois : quittance de loyer, facture gaz ou \u00e9lectricit\u00e9, &#8230;<\/li>\n<\/ul>\n<h4><strong>Premi\u00e8re demande de passeport pour mineur<\/strong><\/h4>\n<ul>\n<li>Carte de s\u00e9jour ou carte d&rsquo;identit\u00e9 fran\u00e7aise<\/li>\n<li>Livret de famille marocain : Page p\u00e8re, Page m\u00e8re, Page du demandeur<\/li>\n<li>Carte Nationale d&rsquo;Identit\u00e9 \u00c9lectronique marocaine : carte du p\u00e8re et de la m\u00e8re<\/li>\n<li>Justificatif de domicile de moins de 3 mois : quittance de loyer, facture gaz ou \u00e9lectricit\u00e9, &#8230;<\/li>\n<\/ul>\n<h4><strong>Renouv\u00e8lement de passeport pour mineur<\/strong><\/h4>\n<ul>\n<li>Carte de s\u00e9jour ou carte d&rsquo;identit\u00e9 fran\u00e7aise<\/li>\n<li>Ancien Passeport<\/li>\n<li>Livret de famille marocain : Page p\u00e8re, Page m\u00e8re, Page du demandeur<\/li>\n<li>Carte Nationale d&rsquo;Identit\u00e9 \u00c9lectronique marocaine : carte du p\u00e8re et de la m\u00e8re<\/li>\n<li>Justificatif de domicile de moins de 3 mois : quittance de loyer, facture gaz ou \u00e9lectricit\u00e9, &#8230;<\/li>\n<\/ul>\n<\/div><\/div><\/div><\/div><\/div><div class=\"w-tabs-section\" id=\"s898\"><button class=\"w-tabs-section-header with_icon\" aria-controls=\"content-s898\" aria-expanded=\"false\"><i class=\"far fa-question-circle\"><\/i><div class=\"w-tabs-section-title\">Documents \u00e0 fournir pour une demande ou un renouvellement de passeport<\/div><div class=\"w-tabs-section-control\"><\/div><\/button><div  class=\"w-tabs-section-content\" id=\"content-s898\"><div class=\"w-tabs-section-content-h i-cf\"><div class=\"wpb_text_column\"><div class=\"wpb_wrapper\"><h4><strong>Premi\u00e8re demande de passeport pour majeur<\/strong><\/h4>\n<ul>\n<li>Carte nationale d\u2019identit\u00e9 \u00e9lectronique marocaine<\/li>\n<li>Carte de s\u00e9jour ou carte d&rsquo;identit\u00e9 fran\u00e7aise<\/li>\n<li>Justificatif de domicile de moins de 3 mois : quittance de loyer, facture gaz ou \u00e9lectricit\u00e9, &#8230;<\/li>\n<li>Deux photographies d\u2019identit\u00e9 identiques, r\u00e9centes, sur fond clair de format 30 mm x 40 mm.<\/li>\n<\/ul>\n<h4><strong>Renouv\u00e8lement de passeport pour majeur<\/strong><\/h4>\n<ul>\n<li>Carte nationale d\u2019identit\u00e9 \u00e9lectronique marocaine<\/li>\n<li>Carte de s\u00e9jour ou carte d&rsquo;identit\u00e9 fran\u00e7aise<\/li>\n<li>Ancien Passeport<\/li>\n<li>Justificatif de domicile de moins de 3 mois : quittance de loyer, facture gaz ou \u00e9lectricit\u00e9, &#8230;<\/li>\n<\/ul>\n<h4><strong>Premi\u00e8re demande de passeport pour mineur<\/strong><\/h4>\n<ul>\n<li>Carte de s\u00e9jour ou carte d&rsquo;identit\u00e9 fran\u00e7aise<\/li>\n<li>Livret de famille marocain : Page p\u00e8re, Page m\u00e8re, Page du demandeur<\/li>\n<li>Carte Nationale d&rsquo;Identit\u00e9 \u00c9lectronique marocaine : carte du p\u00e8re et de la m\u00e8re<\/li>\n<li>Justificatif de domicile de moins de 3 mois : quittance de loyer, facture gaz ou \u00e9lectricit\u00e9, &#8230;<\/li>\n<\/ul>\n<h4><strong>Renouv\u00e8lement de passeport pour mineur<\/strong><\/h4>\n<ul>\n<li>Carte de s\u00e9jour ou carte d&rsquo;identit\u00e9 fran\u00e7aise<\/li>\n<li>Ancien Passeport<\/li>\n<li>Livret de famille marocain : Page p\u00e8re, Page m\u00e8re, Page du demandeur<\/li>\n<li>Carte Nationale d&rsquo;Identit\u00e9 \u00c9lectronique marocaine : carte du p\u00e8re et de la m\u00e8re<\/li>\n<li>Justificatif de domicile de moins de 3 mois : quittance de loyer, facture gaz ou \u00e9lectricit\u00e9, &#8230;<\/li>\n<\/ul>\n<\/div><\/div><\/div><\/div><\/div><div class=\"w-tabs-section\" id=\"i94e\"><button class=\"w-tabs-section-header with_icon\" aria-controls=\"content-i94e\" aria-expanded=\"false\"><i class=\"far fa-question-circle\"><\/i><div class=\"w-tabs-section-title\">Comment inscrire mes enfants au soutien scolaire ?<\/div><div class=\"w-tabs-section-control\"><\/div><\/button><div  class=\"w-tabs-section-content\" id=\"content-i94e\"><div class=\"w-tabs-section-content-h i-cf\"><div class=\"wpb_text_column\"><div class=\"wpb_wrapper\"><p>Contactez-nous par mail (<a href=\"asscoupdepouce@gmail.com\">asscoupdepouce@gmail.com<\/a>) ou au 06 65 78 97 69 afin de prendre rendez-vous pour l&rsquo;inscription.<\/p>\n<\/div><\/div><\/div><\/div><\/div><div class=\"w-tabs-section\" id=\"f9e9\"><button class=\"w-tabs-section-header with_icon\" aria-controls=\"content-f9e9\" aria-expanded=\"false\"><i class=\"far fa-question-circle\"><\/i><div class=\"w-tabs-section-title\">Combien \u00e7a co\u00fbte ? <\/div><div class=\"w-tabs-section-control\"><\/div><\/button><div  class=\"w-tabs-section-content\" id=\"content-f9e9\"><div class=\"w-tabs-section-content-h i-cf\"><div class=\"wpb_text_column\"><div class=\"wpb_wrapper\"><p>Le montant de l&rsquo;inscription au soutien scolaire ainsi que chacun de nos services est inclus dans l&rsquo;adh\u00e9sion. Celle-ci est de 20\u20ac, pour toute l&rsquo;ann\u00e9e et pour toute la famille.<\/p>\n<\/div><\/div><\/div><\/div><\/div><div class=\"w-tabs-section\" id=\"yb1c\"><button class=\"w-tabs-section-header with_icon\" aria-controls=\"content-yb1c\" aria-expanded=\"false\"><i class=\"far fa-question-circle\"><\/i><div class=\"w-tabs-section-title\">Contacts utiles<\/div><div class=\"w-tabs-section-control\"><\/div><\/button><div  class=\"w-tabs-section-content\" id=\"content-yb1c\"><div class=\"w-tabs-section-content-h i-cf\"><div class=\"wpb_text_column\"><div class=\"wpb_wrapper\"><h4><strong>Consulat g\u00e9n\u00e9ral du Royaume du Maroc \u00e0 Lyon<\/strong> :<\/h4>\n<ul>\n<li><a href=\"https:\/\/www.consulatmaroclyon.com\/\">https:\/\/www.consulatmaroclyon.com\/<\/a><\/li>\n<li>2-4 Rue Carry, 69003 Lyon<\/li>\n<li>T\u00e9l. : 08 01 84 00 02<\/li>\n<li>Fax: +33 4 72 36 89 46<\/li>\n<li>E-mail : consulatmaroclyon@maec.gov.ma<\/li>\n<\/ul>\n<h4><strong>Maison de quartier de Croix de Neyrat<\/strong> :<\/h4>\n<ul>\n<li style=\"text-align: left;\"><a href=\"https:\/\/clermont-ferrand.fr\/croix-de-neyrat-maison-de-quartier\">https:\/\/clermont-ferrand.fr\/croix-de-neyrat-maison-de-quartier<\/a><\/li>\n<li>Rue des hauts de Chanturgue, 63100 Clermont-Ferrand<\/li>\n<li>T\u00e9l. : <span class=\"LrzXr zdqRlf kno-fv\"><span role=\"link\" aria-label=\"Appeler le 04 73 42 31 90\">0<\/span><span role=\"link\" aria-label=\"Appeler le 04 73 42 31 90\">4 73 42 31 90<\/span><\/span><\/li>\n<li>E-mail : mq.croix-neyrat@ville-clermont-ferrand.fr<\/li>\n<\/ul>\n<\/div><\/div><\/div><\/div><\/div><\/div><\/div><div class=\"w-separator size_large\"><\/div><\/div><\/div><\/div><div class=\"vc_col-sm-3 wpb_column vc_column_container\"><div class=\"vc_column-inner us_custom_432d3f53 type_sticky\"><div class=\"wpb_wrapper\"><div class=\"wpb_text_column\"><div class=\"wpb_wrapper\"><h4 style=\"text-align: left;\">Une autre question ?<\/h4>\n<p>N&rsquo;h\u00e9sitez pas \u00e0 prendre contact avec notre \u00e9quipe, nous ferons au mieux pour essayer de r\u00e9pondre \u00e0 vos interrogations.<\/p>\n<\/div><\/div><div class=\"w-separator size_small\"><\/div><div class=\"w-btn-wrapper align_none\"><a class=\"w-btn us-btn-style_5\" title=\"Nous contacter\" target=\"_blank\" rel=\"nofollow\" href=\"https:\/\/asscoupdepouce.com\/index.php\/nous-contacter\/\"><span class=\"w-btn-label\">Contactez-nous !<\/span><\/a><\/div><\/div><\/div><\/div><\/div><\/div><\/section>\n","protected":false},"excerpt":{"rendered":"Une question ? Documents \u00e0 fournir pour une demande ou renouvellement de carte nationale d&rsquo;identit\u00e9 \u00e9lectronique (majeur ou mineur + de 12 ans)Premi\u00e8re demande de carte nationale d&rsquo;identit\u00e9 \u00e9lectronique (majeur ou mineur + de 12 ans) Carte de s\u00e9jour ou carte d&rsquo;identit\u00e9 fran\u00e7aise Carte consulaire Extrait ou copie int\u00e9grale de naissance marocain arabe fran\u00e7ais (moins...","protected":false},"author":1,"featured_media":0,"parent":0,"menu_order":0,"comment_status":"closed","ping_status":"closed","template":"","meta":{"footnotes":""},"class_list":["post-45","page","type-page","status-publish","hentry"],"yoast_head":"<!-- This site is optimized with the Yoast SEO plugin v27.2 - https:\/\/yoast.com\/product\/yoast-seo-wordpress\/ -->\n<title>Une question ? - Coup de Pouce<\/title>\n<meta name=\"description\" content=\"Une question concernant l&#039;association Coup de Pouce, le fonctionnement, les aides possibles ? Cliquez-ici pour en savoir plus.\" \/>\n<meta name=\"robots\" content=\"index, follow, max-snippet:-1, max-image-preview:large, max-video-preview:-1\" \/>\n<link rel=\"canonical\" href=\"https:\/\/asscoupdepouce.com\/index.php\/une-question\/\" \/>\n<meta property=\"og:locale\" content=\"fr_FR\" \/>\n<meta property=\"og:type\" content=\"article\" \/>\n<meta property=\"og:title\" content=\"Une question ? - Coup de Pouce\" \/>\n<meta property=\"og:description\" content=\"Une question concernant l&#039;association Coup de Pouce, le fonctionnement, les aides possibles ? Cliquez-ici pour en savoir plus.\" \/>\n<meta property=\"og:url\" content=\"https:\/\/asscoupdepouce.com\/index.php\/une-question\/\" \/>\n<meta property=\"og:site_name\" content=\"Coup de Pouce\" \/>\n<meta property=\"article:publisher\" content=\"https:\/\/fr-fr.facebook.com\/Association-Coup-de-Pouce-816767501818619\/\" \/>\n<meta property=\"article:modified_time\" content=\"2023-11-29T10:10:04+00:00\" \/>\n<meta name=\"twitter:card\" content=\"summary_large_image\" \/>\n<meta name=\"twitter:label1\" content=\"Dur\u00e9e de lecture estim\u00e9e\" \/>\n\t<meta name=\"twitter:data1\" content=\"3 minutes\" \/>\n<script type=\"application\/ld+json\" class=\"yoast-schema-graph\">{\"@context\":\"https:\/\/schema.org\",\"@graph\":[{\"@type\":\"WebPage\",\"@id\":\"https:\/\/asscoupdepouce.com\/index.php\/une-question\/\",\"url\":\"https:\/\/asscoupdepouce.com\/index.php\/une-question\/\",\"name\":\"Une question ? - Coup de Pouce\",\"isPartOf\":{\"@id\":\"https:\/\/asscoupdepouce.com\/#website\"},\"datePublished\":\"2021-03-18T15:14:14+00:00\",\"dateModified\":\"2023-11-29T10:10:04+00:00\",\"description\":\"Une question concernant l'association Coup de Pouce, le fonctionnement, les aides possibles ? Cliquez-ici pour en savoir plus.\",\"breadcrumb\":{\"@id\":\"https:\/\/asscoupdepouce.com\/index.php\/une-question\/#breadcrumb\"},\"inLanguage\":\"fr-FR\",\"potentialAction\":[{\"@type\":\"ReadAction\",\"target\":[\"https:\/\/asscoupdepouce.com\/index.php\/une-question\/\"]}]},{\"@type\":\"BreadcrumbList\",\"@id\":\"https:\/\/asscoupdepouce.com\/index.php\/une-question\/#breadcrumb\",\"itemListElement\":[{\"@type\":\"ListItem\",\"position\":1,\"name\":\"Accueil\",\"item\":\"https:\/\/asscoupdepouce.com\/\"},{\"@type\":\"ListItem\",\"position\":2,\"name\":\"Une question ?\"}]},{\"@type\":\"WebSite\",\"@id\":\"https:\/\/asscoupdepouce.com\/#website\",\"url\":\"https:\/\/asscoupdepouce.com\/\",\"name\":\"Association Coup de Pouce\",\"description\":\"L&#039;esprit de la r\u00e9ussite\",\"publisher\":{\"@id\":\"https:\/\/asscoupdepouce.com\/#organization\"},\"potentialAction\":[{\"@type\":\"SearchAction\",\"target\":{\"@type\":\"EntryPoint\",\"urlTemplate\":\"https:\/\/asscoupdepouce.com\/?s={search_term_string}\"},\"query-input\":{\"@type\":\"PropertyValueSpecification\",\"valueRequired\":true,\"valueName\":\"search_term_string\"}}],\"inLanguage\":\"fr-FR\"},{\"@type\":\"Organization\",\"@id\":\"https:\/\/asscoupdepouce.com\/#organization\",\"name\":\"Association Coup de Pouce\",\"url\":\"https:\/\/asscoupdepouce.com\/\",\"logo\":{\"@type\":\"ImageObject\",\"inLanguage\":\"fr-FR\",\"@id\":\"https:\/\/asscoupdepouce.com\/#\/schema\/logo\/image\/\",\"url\":\"https:\/\/asscoupdepouce.com\/wp-content\/uploads\/2021\/03\/Coup-de-pouce-logo-SITE.png\",\"contentUrl\":\"https:\/\/asscoupdepouce.com\/wp-content\/uploads\/2021\/03\/Coup-de-pouce-logo-SITE.png\",\"width\":2200,\"height\":864,\"caption\":\"Association Coup de Pouce\"},\"image\":{\"@id\":\"https:\/\/asscoupdepouce.com\/#\/schema\/logo\/image\/\"},\"sameAs\":[\"https:\/\/fr-fr.facebook.com\/Association-Coup-de-Pouce-816767501818619\/\"]}]}<\/script>\n<!-- \/ Yoast SEO plugin. -->","yoast_head_json":{"title":"Une question ? - Coup de Pouce","description":"Une question concernant l'association Coup de Pouce, le fonctionnement, les aides possibles ? Cliquez-ici pour en savoir plus.","robots":{"index":"index","follow":"follow","max-snippet":"max-snippet:-1","max-image-preview":"max-image-preview:large","max-video-preview":"max-video-preview:-1"},"canonical":"https:\/\/asscoupdepouce.com\/index.php\/une-question\/","og_locale":"fr_FR","og_type":"article","og_title":"Une question ? - Coup de Pouce","og_description":"Une question concernant l'association Coup de Pouce, le fonctionnement, les aides possibles ? Cliquez-ici pour en savoir plus.","og_url":"https:\/\/asscoupdepouce.com\/index.php\/une-question\/","og_site_name":"Coup de Pouce","article_publisher":"https:\/\/fr-fr.facebook.com\/Association-Coup-de-Pouce-816767501818619\/","article_modified_time":"2023-11-29T10:10:04+00:00","twitter_card":"summary_large_image","twitter_misc":{"Dur\u00e9e de lecture estim\u00e9e":"3 minutes"},"schema":{"@context":"https:\/\/schema.org","@graph":[{"@type":"WebPage","@id":"https:\/\/asscoupdepouce.com\/index.php\/une-question\/","url":"https:\/\/asscoupdepouce.com\/index.php\/une-question\/","name":"Une question ? - Coup de Pouce","isPartOf":{"@id":"https:\/\/asscoupdepouce.com\/#website"},"datePublished":"2021-03-18T15:14:14+00:00","dateModified":"2023-11-29T10:10:04+00:00","description":"Une question concernant l'association Coup de Pouce, le fonctionnement, les aides possibles ? Cliquez-ici pour en savoir plus.","breadcrumb":{"@id":"https:\/\/asscoupdepouce.com\/index.php\/une-question\/#breadcrumb"},"inLanguage":"fr-FR","potentialAction":[{"@type":"ReadAction","target":["https:\/\/asscoupdepouce.com\/index.php\/une-question\/"]}]},{"@type":"BreadcrumbList","@id":"https:\/\/asscoupdepouce.com\/index.php\/une-question\/#breadcrumb","itemListElement":[{"@type":"ListItem","position":1,"name":"Accueil","item":"https:\/\/asscoupdepouce.com\/"},{"@type":"ListItem","position":2,"name":"Une question ?"}]},{"@type":"WebSite","@id":"https:\/\/asscoupdepouce.com\/#website","url":"https:\/\/asscoupdepouce.com\/","name":"Association Coup de Pouce","description":"L&#039;esprit de la r\u00e9ussite","publisher":{"@id":"https:\/\/asscoupdepouce.com\/#organization"},"potentialAction":[{"@type":"SearchAction","target":{"@type":"EntryPoint","urlTemplate":"https:\/\/asscoupdepouce.com\/?s={search_term_string}"},"query-input":{"@type":"PropertyValueSpecification","valueRequired":true,"valueName":"search_term_string"}}],"inLanguage":"fr-FR"},{"@type":"Organization","@id":"https:\/\/asscoupdepouce.com\/#organization","name":"Association Coup de Pouce","url":"https:\/\/asscoupdepouce.com\/","logo":{"@type":"ImageObject","inLanguage":"fr-FR","@id":"https:\/\/asscoupdepouce.com\/#\/schema\/logo\/image\/","url":"https:\/\/asscoupdepouce.com\/wp-content\/uploads\/2021\/03\/Coup-de-pouce-logo-SITE.png","contentUrl":"https:\/\/asscoupdepouce.com\/wp-content\/uploads\/2021\/03\/Coup-de-pouce-logo-SITE.png","width":2200,"height":864,"caption":"Association Coup de Pouce"},"image":{"@id":"https:\/\/asscoupdepouce.com\/#\/schema\/logo\/image\/"},"sameAs":["https:\/\/fr-fr.facebook.com\/Association-Coup-de-Pouce-816767501818619\/"]}]}},"_links":{"self":[{"href":"https:\/\/asscoupdepouce.com\/index.php\/wp-json\/wp\/v2\/pages\/45","targetHints":{"allow":["GET"]}}],"collection":[{"href":"https:\/\/asscoupdepouce.com\/index.php\/wp-json\/wp\/v2\/pages"}],"about":[{"href":"https:\/\/asscoupdepouce.com\/index.php\/wp-json\/wp\/v2\/types\/page"}],"author":[{"embeddable":true,"href":"https:\/\/asscoupdepouce.com\/index.php\/wp-json\/wp\/v2\/users\/1"}],"replies":[{"embeddable":true,"href":"https:\/\/asscoupdepouce.com\/index.php\/wp-json\/wp\/v2\/comments?post=45"}],"version-history":[{"count":7,"href":"https:\/\/asscoupdepouce.com\/index.php\/wp-json\/wp\/v2\/pages\/45\/revisions"}],"predecessor-version":[{"id":848,"href":"https:\/\/asscoupdepouce.com\/index.php\/wp-json\/wp\/v2\/pages\/45\/revisions\/848"}],"wp:attachment":[{"href":"https:\/\/asscoupdepouce.com\/index.php\/wp-json\/wp\/v2\/media?parent=45"}],"curies":[{"name":"wp","href":"https:\/\/api.w.org\/{rel}","templated":true}]}}